{"id":145,"date":"2024-03-15T14:15:09","date_gmt":"2024-03-15T12:15:09","guid":{"rendered":"https:\/\/amasol.donnawedda.de\/?page_id=145"},"modified":"2026-03-05T19:04:41","modified_gmt":"2026-03-05T17:04:41","slug":"team","status":"publish","type":"page","link":"https:\/\/www.kitetribe.org\/de\/about-us\/team\/","title":{"rendered":"Team"},"content":{"rendered":"<div class=\"et_pb_section_0 et_pb_section et_section_regular et_block_section\"><div class=\"et_pb_row_0 et_pb_row et_block_row et_animated\"><div class=\"et_pb_column_0 et_pb_column et_pb_column_3_5 et_block_column et_pb_css_mix_blend_mode_passthrough\"><div class=\"et_pb_image_0 et_pb_image et_animated et_pb_module et_block_module\"><span class=\"et_pb_image_wrap\"><img loading=\"lazy\" decoding=\"async\" src=\"https:\/\/www.kitetribe.org\/wp-content\/uploads\/2025\/03\/Kitetribe_kite_safari-beach.jpg\" width=\"1200\" height=\"900\" srcset=\"https:\/\/www.kitetribe.org\/wp-content\/uploads\/2025\/03\/Kitetribe_kite_safari-beach.jpg 1200w, https:\/\/www.kitetribe.org\/wp-content\/uploads\/2025\/03\/Kitetribe_kite_safari-beach-980x735.jpg 980w, https:\/\/www.kitetribe.org\/wp-content\/uploads\/2025\/03\/Kitetribe_kite_safari-beach-480x360.jpg 480w\" sizes=\"(min-width: 0px) and (max-width: 480px) 480px, (min-width: 481px) and (max-width: 980px) 980px, (min-width: 981px) 1200px, 100vw\" class=\"wp-image-433\" title=\"Kitetribe_kite_safari-beach\" alt=\"group of people on the beach watching a kitesurfer jump. everyone is wearing a kite tribe tshirt\" \/><\/span><\/div><\/div><div class=\"et_pb_column_1 et_pb_column et_pb_column_2_5 et-last-child et_block_column et_pb_css_mix_blend_mode_passthrough\"><div class=\"et_pb_text_0 et_pb_text et_pb_bg_layout_light et_pb_module et_block_module et_pb_text_align_center\"><div class=\"et_pb_text_inner\"><h1 style=\"text-align: center;\">Lerne das Team von Kite Tribe kennen<\/h1>\n<h2 style=\"text-align: center;\">Eure Kitesurfing-Familie in El Gouna<\/h2>\n<p>&nbsp;<\/p>\n<p style=\"text-align: center;\">Willkommen im Herzen unserer Leidenschaft, der Seele unseres Abenteuers und dem wahren Wesen dessen, was Kite Tribe zu einer Familie macht. Unser engagiertes Team aus Kitesurf-Enthusiasten ist hier, um euch zu begleiten, zu inspirieren und mit euch die aufregende Welt des Kitesurfens vor der atemberaubenden Kulisse von El Gouna, \u00c4gypten, zu teilen. Macht euch bereit, die Menschen kennenzulernen, die nicht nur Kitesurfen unterrichten, sondern es jeden einzelnen Tag leben.<\/p>\n<p style=\"text-align: center;\"><span style=\"color: #ff9900;\">___________<\/span><\/p>\n<\/div><\/div><div class=\"et_pb_module et_pb_button_module_wrapper et_pb_button_0_wrapper\"><a class=\"et_pb_button_0 et_pb_button et_pb_bg_layout_light et_pb_module et_block_module\" href=\"\">Kontakt<\/a><\/div><\/div><\/div><\/div><div class=\"et_pb_section_1 et_pb_section et_section_regular et_block_section\"><div class=\"et_pb_row_1 et_pb_row et_block_row\"><div class=\"et_pb_column_2 et_pb_column et_pb_column_4_4 et-last-child et_block_column et_pb_css_mix_blend_mode_passthrough\"><div class=\"et_pb_text_1 et_pb_text et_pb_bg_layout_light et_pb_module et_block_module\"><div class=\"et_pb_text_inner\"><h2 style=\"text-align: center;\">Die Wind-Fl\u00fcsterer<\/h2>\n<p style=\"text-align: center;\">Unser Team ist eine Mischung aus lokalen Legenden und internationalen Pers\u00f6nlichkeiten, die jeweils ihre einzigartigen F\u00e4higkeiten, Geschichten und ihre Liebe zum Kitesurfen mitbringen. Sie sind nicht nur Instruktoren; sie sind Windfl\u00fcsterer, Wellent\u00e4nzer und bald eure Freunde, die euch durch jeden Windsto\u00df und jede Welle begleiten werden.<\/p>\n<\/div><\/div><div class=\"et_pb_team_member_0 et_pb_team_member et_pb_bg_layout_light et_pb_module et_block_module\"><div class=\"et_pb_team_member_image et-waypoint et_pb_animation_off\"><img loading=\"lazy\" decoding=\"async\" src=\"https:\/\/www.kitetribe.org\/wp-content\/uploads\/2025\/03\/Kitetribe_team_Tony.jpg\" alt=\"Tony\" width=\"1200\" height=\"900\" srcset=\"https:\/\/www.kitetribe.org\/wp-content\/uploads\/2025\/03\/Kitetribe_team_Tony.jpg 1200w, https:\/\/www.kitetribe.org\/wp-content\/uploads\/2025\/03\/Kitetribe_team_Tony-980x735.jpg 980w, https:\/\/www.kitetribe.org\/wp-content\/uploads\/2025\/03\/Kitetribe_team_Tony-480x360.jpg 480w\" sizes=\"(min-width: 0px) and (max-width: 480px) 480px, (min-width: 481px) and (max-width: 980px) 980px, (min-width: 981px) 1200px, 100vw\" class=\"wp-image-617\" \/><\/div><div class=\"et_pb_team_member_description\"><h4 class=\"et_pb_module_header\">Tony<\/h4><p class=\"et_pb_member_position\">Owner\/Kite & Wing Instructor<\/p><div class=\"et_pb_team_member_description_content\"><p><span>A calm sea in any storm, Tony's steady presence and sharp eye for detail have been guiding students since 2009. As a certified kite and Wing foil instructor, his ability to calmly articulate what each student needs to progress is unparalleled. Tony's deep-rooted passion for teaching and his decade of experience make him an invaluable pillar of our community.<\/span><\/p>\n<p><strong>Sprachen <\/strong>\ud83c\uddec\ud83c\udde7 \ud83c\uddea\ud83c\uddec<\/p>\n<\/div><\/div><\/div><div class=\"et_pb_team_member_1 et_pb_team_member et_pb_bg_layout_light et_pb_module et_block_module\"><div class=\"et_pb_team_member_image et-waypoint et_pb_animation_off\"><img loading=\"lazy\" decoding=\"async\" src=\"https:\/\/www.kitetribe.org\/wp-content\/uploads\/2024\/03\/Mia.jpeg\" alt=\"Mia\" width=\"600\" height=\"400\" srcset=\"https:\/\/www.kitetribe.org\/wp-content\/uploads\/2024\/03\/Mia.jpeg 600w, https:\/\/www.kitetribe.org\/wp-content\/uploads\/2024\/03\/Mia-480x320.jpeg 480w\" sizes=\"(min-width: 0px) and (max-width: 480px) 480px, (min-width: 481px) 600px, 100vw\" class=\"wp-image-89\" \/><\/div><div class=\"et_pb_team_member_description\"><h4 class=\"et_pb_module_header\">Mia<\/h4><p class=\"et_pb_member_position\">Gr\u00fcnder \/ Kitelehrer<\/p><div class=\"et_pb_team_member_description_content\"><p><span>With over a decade of kitesurfing under her belt, Mia has brought the best of both worlds to El Gouna from New Zealand. Half Egyptian, half Kiwi, her incredible patience and infectious enthusiasm make learning to kite a breeze. Not only does she ride the waves with grace, but she's also the mastermind behind our unforgettable kite safaris, blending adventure with the beauty of the Red Sea.<\/span><\/p>\n<p><span><strong>Sprachen<\/strong> \ud83c\uddec\ud83c\udde7 \ud83c\uddea\ud83c\uddec<\/span><\/p>\n<\/div><\/div><\/div><div class=\"et_pb_team_member_2 et_pb_team_member et_pb_bg_layout_light et_pb_module et_block_module\"><div class=\"et_pb_team_member_image et-waypoint et_pb_animation_off\"><img loading=\"lazy\" decoding=\"async\" src=\"https:\/\/www.kitetribe.org\/wp-content\/uploads\/2024\/03\/Fabi-Kite-Tribe.jpg\" alt=\"Fabi\" width=\"1200\" height=\"799\" srcset=\"https:\/\/www.kitetribe.org\/wp-content\/uploads\/2024\/03\/Fabi-Kite-Tribe.jpg 1200w, https:\/\/www.kitetribe.org\/wp-content\/uploads\/2024\/03\/Fabi-Kite-Tribe-980x653.jpg 980w, https:\/\/www.kitetribe.org\/wp-content\/uploads\/2024\/03\/Fabi-Kite-Tribe-480x320.jpg 480w\" sizes=\"(min-width: 0px) and (max-width: 480px) 480px, (min-width: 481px) and (max-width: 980px) 980px, (min-width: 981px) 1200px, 100vw\" class=\"wp-image-95\" \/><\/div><div class=\"et_pb_team_member_description\"><h4 class=\"et_pb_module_header\">Fabi<\/h4><p class=\"et_pb_member_position\">Administration \/ Kitelehrer<\/p><div class=\"et_pb_team_member_description_content\"><p><span>Das Herz und die Seele von Kite Tribe, Fabi, bringt ihren dreisprachigen Charme und ein Jahrzehnt an Expertise an die K\u00fcsten von El Gouna. Mit ihrer Spezialisierung auf Old-School- und strapless Riding navigiert sie das Wasser mit unvergleichlicher Fertigkeit und Freude. Ihre F\u00e4higkeit, den Strand mit ihrem L\u00e4cheln und Charme zu erleuchten, sorgt daf\u00fcr, dass sich jeder Sch\u00fcler willkommen f\u00fchlt \u2013 das Lernen wird so zu einem echten Vergn\u00fcgen.<\/span><\/p>\n<p><strong>Sprachen <\/strong>\ud83c\uddec\ud83c\udde7 \ud83c\udde9\ud83c\uddea \ud83c\udde8\ud83c\udded \ud83c\uddeb\ud83c\uddf7<\/p>\n<p><span><\/span><\/p>\n<\/div><\/div><\/div><div class=\"et_pb_team_member_3 et_pb_team_member et_pb_bg_layout_light et_pb_module et_block_module\"><div class=\"et_pb_team_member_image et-waypoint et_pb_animation_off\"><img loading=\"lazy\" decoding=\"async\" src=\"https:\/\/www.kitetribe.org\/wp-content\/uploads\/2025\/03\/Wael.jpg\" alt=\"Wael\" width=\"1200\" height=\"899\" srcset=\"https:\/\/www.kitetribe.org\/wp-content\/uploads\/2025\/03\/Wael.jpg 1200w, https:\/\/www.kitetribe.org\/wp-content\/uploads\/2025\/03\/Wael-980x734.jpg 980w, https:\/\/www.kitetribe.org\/wp-content\/uploads\/2025\/03\/Wael-480x360.jpg 480w\" sizes=\"(min-width: 0px) and (max-width: 480px) 480px, (min-width: 481px) and (max-width: 980px) 980px, (min-width: 981px) 1200px, 100vw\" class=\"wp-image-583\" \/><\/div><div class=\"et_pb_team_member_description\"><h4 class=\"et_pb_module_header\">Wael<\/h4><p class=\"et_pb_member_position\">Kite &amp; Winglehrer<\/p><div class=\"et_pb_team_member_description_content\"><p><span>Als freiberuflicher Instruktor, der sowohl auf Kitesurfen als auch auf Foiling spezialisiert ist, hat Wael ein nat\u00fcrliches Talent, eure F\u00e4higkeiten einzusch\u00e4tzen und euch zu neuen H\u00f6hen zu pushen. Sein ma\u00dfgeschneiderter Lehransatz stellt sicher, dass jeder Sch\u00fcler seinen Rhythmus und sein Selbstvertrauen auf dem Wasser findet, wodurch jede Stunde mit ihm ein Schritt in Richtung Meisterschaft ist.<\/span><\/p>\n<p><span><\/span><\/p>\n<p><span><strong>Sprachen<\/strong>: \ud83c\uddea\ud83c\uddec \ud83c\uddec\ud83c\udde7<\/span><\/p>\n<\/div><\/div><\/div><div class=\"et_pb_team_member_4 et_pb_team_member et_pb_bg_layout_light et_pb_module et_block_module\"><div class=\"et_pb_team_member_image et-waypoint et_pb_animation_off\"><img loading=\"lazy\" decoding=\"async\" src=\"https:\/\/www.kitetribe.org\/wp-content\/uploads\/2025\/03\/naquib.jpg\" alt=\"Naguib\" width=\"1200\" height=\"900\" srcset=\"https:\/\/www.kitetribe.org\/wp-content\/uploads\/2025\/03\/naquib.jpg 1200w, https:\/\/www.kitetribe.org\/wp-content\/uploads\/2025\/03\/naquib-980x735.jpg 980w, https:\/\/www.kitetribe.org\/wp-content\/uploads\/2025\/03\/naquib-480x360.jpg 480w\" sizes=\"(min-width: 0px) and (max-width: 480px) 480px, (min-width: 481px) and (max-width: 980px) 980px, (min-width: 981px) 1200px, 100vw\" class=\"wp-image-585\" \/><\/div><div class=\"et_pb_team_member_description\"><h4 class=\"et_pb_module_header\">Naguib<\/h4><p class=\"et_pb_member_position\">Kite &amp; Winglehrer<\/p><div class=\"et_pb_team_member_description_content\"><p>Naguib ist ein \u00e4u\u00dferst erfahrener Instruktor, der jahrelange Erfahrung im Unterrichten von Kitesurfen und Wingfoiling hat. Sein ruhiger, klarer Stil und sein tiefes Wissen \u00fcber den Sport machen ihn bei Sch\u00fclern aller Levels sehr beliebt. Egal, ob ihr euren ersten Kite fliegt oder eure Foil-Techniken perfektioniert \u2013 Naguib wird euch mit Geschick, Geduld und einem gro\u00dfen L\u00e4cheln begleiten!<\/p>\n<p><span><\/span><\/p>\n<p><span><strong>Sprachen<\/strong>: \ud83c\uddea\ud83c\uddec \ud83c\uddec\ud83c\udde7 \ud83c\udde9\ud83c\uddea<\/span><\/p>\n<\/div><\/div><\/div><div class=\"et_pb_team_member_5 et_pb_team_member et_pb_bg_layout_light et_pb_module et_block_module\"><div class=\"et_pb_team_member_image et-waypoint et_pb_animation_off\"><img loading=\"lazy\" decoding=\"async\" src=\"https:\/\/www.kitetribe.org\/wp-content\/uploads\/2025\/03\/Kite-Tribe-Team-.jpg\" alt=\"Nikita\" width=\"1200\" height=\"899\" srcset=\"https:\/\/www.kitetribe.org\/wp-content\/uploads\/2025\/03\/Kite-Tribe-Team-.jpg 1200w, https:\/\/www.kitetribe.org\/wp-content\/uploads\/2025\/03\/Kite-Tribe-Team--980x734.jpg 980w, https:\/\/www.kitetribe.org\/wp-content\/uploads\/2025\/03\/Kite-Tribe-Team--480x360.jpg 480w\" sizes=\"(min-width: 0px) and (max-width: 480px) 480px, (min-width: 481px) and (max-width: 980px) 980px, (min-width: 981px) 1200px, 100vw\" class=\"wp-image-614\" \/><\/div><div class=\"et_pb_team_member_description\"><h4 class=\"et_pb_module_header\">Nikita<\/h4><p class=\"et_pb_member_position\">Kite Instructor<\/p><div class=\"et_pb_team_member_description_content\"><p>Nikita, a passionate watersport enthusiast from Belgium, has been riding waves since the age of eight. Her dedication to the sport led her to kitesurfing three years ago, where she's found a new level of excitement. With a contagious smile and positive outlook, Nikita brings sunshine to every adventure.<\/p>\n<p><strong>Sprachen<\/strong>: \ud83c\uddec\ud83c\udde7 \ud83c\udde9\ud83c\uddea \ud83c\uddf3\ud83c\uddf1 \ud83c\udde7\ud83c\uddea<\/p>\n<\/div><\/div><\/div><div class=\"et_pb_team_member_6 et_pb_team_member et_pb_bg_layout_light et_pb_module et_block_module\"><div class=\"et_pb_team_member_image et-waypoint et_pb_animation_off\"><img loading=\"lazy\" decoding=\"async\" src=\"https:\/\/www.kitetribe.org\/wp-content\/uploads\/2025\/04\/kitesurfing_kitetribe_luciano.jpg\" alt=\"Luci\" width=\"1200\" height=\"900\" srcset=\"https:\/\/www.kitetribe.org\/wp-content\/uploads\/2025\/04\/kitesurfing_kitetribe_luciano.jpg 1200w, https:\/\/www.kitetribe.org\/wp-content\/uploads\/2025\/04\/kitesurfing_kitetribe_luciano-980x735.jpg 980w, https:\/\/www.kitetribe.org\/wp-content\/uploads\/2025\/04\/kitesurfing_kitetribe_luciano-480x360.jpg 480w\" sizes=\"(min-width: 0px) and (max-width: 480px) 480px, (min-width: 481px) and (max-width: 980px) 980px, (min-width: 981px) 1200px, 100vw\" class=\"wp-image-758\" \/><\/div><div class=\"et_pb_team_member_description\"><h4 class=\"et_pb_module_header\">Luci<\/h4><p class=\"et_pb_member_position\">Kite Instructor<\/p><div class=\"et_pb_team_member_description_content\"><p>Luciano, auch bekannt als Luci, entdeckte seine Leidenschaft f\u00fcr Kitesurfen vor \u00fcber 10 Jahren an den Str\u00e4nden Brasiliens \u2013 und seitdem ist er davon fasziniert. Die meisten seiner Ferien verbringt er nun auf dem Wasser, auch wenn man ihn ab und zu auf einem Schweizer See beim Cruisen sehen kann. Mit seiner ruhigen Art, entspannenden Energie und einem L\u00e4cheln, das nie verblasst, schafft Luci die perfekte Lernumgebung. Ob ihr Kitesurfen zum ersten Mal ausprobiert oder eine Auffrischung braucht \u2013 er bringt euch im Handumdrehen aufs Board \u2013 geduldig, positiv und immer f\u00fcr einen Spa\u00df zu haben.<\/p>\n<p><span><strong>Sprachen<\/strong> <\/span>\ud83c\udde9\ud83c\uddea \ud83c\udde8\ud83c\udded<\/p>\n<\/div><\/div><\/div><\/div><\/div><\/div><div class=\"et_pb_section_2 et_pb_section et_section_regular et_block_section\"><div class=\"et_pb_row_2 et_pb_row et_block_row\"><div class=\"et_pb_column_3 et_pb_column et_pb_column_4_4 et-last-child et_block_column et_pb_css_mix_blend_mode_passthrough\"><div class=\"et_pb_text_2 et_pb_text et_pb_bg_layout_light et_pb_module et_block_module\"><div class=\"et_pb_text_inner\"><h3 style=\"text-align: center;\"><span style=\"color: #ffffff;\"><strong>Kommt zu uns nach El Gouna in \u00c4gypten<\/strong><\/span><\/h3>\n<p style=\"text-align: center;\">Ready to catch the wind and ride the waves? Kite Tribe welcomes you to El Gouna, where the sun shines, the waters beckon, and adventures await at every turn. Whether you're a seasoned kitesurfer or new to the sport, our doors are open to everyone looking to join our growing family.<\/p>\n<p style=\"text-align: center;\">Kontaktiert uns noch heute, um euren Kitesurf-Kurs zu buchen oder mehr \u00fcber unser Angebot zu erfahren.<\/p>\n<\/div><\/div><div class=\"et_pb_module et_pb_button_module_wrapper et_pb_button_1_wrapper\"><a class=\"et_pb_button_1 et_pb_button et_pb_bg_layout_dark et_pb_module et_block_module\" href=\"https:\/\/www.kitetribe.org\/de\/contact-us\/\">Kontaktiere uns jetzt<\/a><\/div><\/div><\/div><\/div>","protected":false},"excerpt":{"rendered":"","protected":false},"author":2,"featured_media":0,"parent":116,"menu_order":0,"comment_status":"closed","ping_status":"closed","template":"","meta":{"footnotes":""},"class_list":["post-145","page","type-page","status-publish","hentry"],"_links":{"self":[{"href":"https:\/\/www.kitetribe.org\/de\/wp-json\/wp\/v2\/pages\/145","targetHints":{"allow":["GET"]}}],"collection":[{"href":"https:\/\/www.kitetribe.org\/de\/wp-json\/wp\/v2\/pages"}],"about":[{"href":"https:\/\/www.kitetribe.org\/de\/wp-json\/wp\/v2\/types\/page"}],"author":[{"embeddable":true,"href":"https:\/\/www.kitetribe.org\/de\/wp-json\/wp\/v2\/users\/2"}],"replies":[{"embeddable":true,"href":"https:\/\/www.kitetribe.org\/de\/wp-json\/wp\/v2\/comments?post=145"}],"version-history":[{"count":26,"href":"https:\/\/www.kitetribe.org\/de\/wp-json\/wp\/v2\/pages\/145\/revisions"}],"predecessor-version":[{"id":972,"href":"https:\/\/www.kitetribe.org\/de\/wp-json\/wp\/v2\/pages\/145\/revisions\/972"}],"up":[{"embeddable":true,"href":"https:\/\/www.kitetribe.org\/de\/wp-json\/wp\/v2\/pages\/116"}],"wp:attachment":[{"href":"https:\/\/www.kitetribe.org\/de\/wp-json\/wp\/v2\/media?parent=145"}],"curies":[{"name":"wp","href":"https:\/\/api.w.org\/{rel}","templated":true}]}}