{"id":220,"date":"2024-03-15T16:48:07","date_gmt":"2024-03-15T14:48:07","guid":{"rendered":"https:\/\/amasol.donnawedda.de\/?page_id=220"},"modified":"2026-03-05T19:04:43","modified_gmt":"2026-03-05T17:04:43","slug":"kitesurfing-magazin","status":"publish","type":"page","link":"https:\/\/www.kitetribe.org\/de\/kitesurfing-magazin\/","title":{"rendered":"Kitesurfing Magazin"},"content":{"rendered":"<div class=\"et_pb_section_0 et_pb_section et_section_regular et_block_section\"><div class=\"et_pb_row_0 et_pb_row et_block_row et_animated\"><div class=\"et_pb_column_0 et_pb_column et_pb_column_3_5 et_block_column et_pb_css_mix_blend_mode_passthrough\"><div class=\"et_pb_image_0 et_pb_image et_animated et_pb_module et_block_module\"><span class=\"et_pb_image_wrap\"><img loading=\"lazy\" decoding=\"async\" src=\"https:\/\/www.kitetribe.org\/wp-content\/uploads\/2024\/03\/Kite-Tribe_family-on-the-beach.jpg\" width=\"1200\" height=\"800\" srcset=\"https:\/\/www.kitetribe.org\/wp-content\/uploads\/2024\/03\/Kite-Tribe_family-on-the-beach.jpg 1200w, https:\/\/www.kitetribe.org\/wp-content\/uploads\/2024\/03\/Kite-Tribe_family-on-the-beach-980x653.jpg 980w, https:\/\/www.kitetribe.org\/wp-content\/uploads\/2024\/03\/Kite-Tribe_family-on-the-beach-480x320.jpg 480w\" sizes=\"(min-width: 0px) and (max-width: 480px) 480px, (min-width: 481px) and (max-width: 980px) 980px, (min-width: 981px) 1200px, 100vw\" class=\"wp-image-134\" title=\"Kite-Tribe_family-on-the-beach\" alt=\"group of people on the beach watching a kitesurfer jump. everyone is wearing a kite tribe tshirt\" \/><\/span><\/div><\/div><div class=\"et_pb_column_1 et_pb_column et_pb_column_2_5 et-last-child et_block_column et_pb_css_mix_blend_mode_passthrough\"><div class=\"et_pb_text_0 et_pb_text et_pb_bg_layout_light et_pb_module et_block_module et_pb_text_align_center\"><div class=\"et_pb_text_inner\"><h1 style=\"text-align: center;\">Kite Tribe Kitesurfing Magazin<\/h1>\n<h2 style=\"text-align: center;\">Die Essenz des Kitesurfens in \u00c4gypten und El Gouna<\/h2>\n<p>&nbsp;<\/p>\n<p style=\"text-align: center;\">Taucht ein in die lebendige Welt des Kitesurfens mit unserem eigenen Magazin, eurer erstklassigen Quelle f\u00fcr alles rund ums Kiten, mit besonderem Fokus auf die atemberaubenden Orte in \u00c4gypten und El Gouna. Egal, ob ihr erfahrene Rider oder neu im Sport seid, unser Kitesurf-Magazin bietet eine F\u00fclle an Einblicken, Tipps und inspirierenden Geschichten aus dem Herzen eines der weltweit bekanntesten Kitesurf-Ziele.<\/p>\n<p style=\"text-align: center;\"><span style=\"color: #ff9900;\">___________<\/span><\/p>\n<\/div><\/div><\/div><\/div><\/div><div class=\"et_pb_section_1 et_pb_section et_section_regular et_block_section\"><div class=\"et_pb_row_1 et_pb_row et_block_row\"><div class=\"et_pb_column_2 et_pb_column et_pb_column_4_4 et-last-child et_block_column et_pb_css_mix_blend_mode_passthrough\"><div class=\"et_pb_text_1 et_pb_text et_pb_bg_layout_light et_pb_module et_block_module\"><div class=\"et_pb_text_inner\"><h2>Entdeckt die Magie des Kitesurfens in \u00c4gypten<\/h2>\n<p>\u00c4gypten, mit seinen kristallklaren Gew\u00e4ssern, konstanten Winden und sonnigen Himmel, ist ein Paradies f\u00fcr Kitesurfer. Vom faszinierenden Charme El Gounas bis zur ruhigen Sch\u00f6nheit Dahabs deckt unser Magazin die besten Spots ab und bietet ausf\u00fchrliche Guides, Expertentipps und die neuesten Nachrichten aus der Kitesurf-Szene in \u00c4gypten.<\/p>\n<\/div><\/div><div class=\"et_pb_blog_0 et_pb_blog et_pb_bg_layout_light et_pb_posts et_pb_module\"><div class=\"et_pb_ajax_pagination_container\"><div class=\"et_pb_posts et_grid_module\"><article class=\"et_pb_post et_pb_post_id_216 clearfix et_pb_blog_item_0_0 post-216 post type-post status-publish format-standard has-post-thumbnail hentry category-kitesurfing\"><div class=\"et_pb_image_container\"><a href=\"https:\/\/www.kitetribe.org\/de\/essential-skills-you-need-for-kitesurfing\/\" class=\"entry-featured-image-url\"><img loading=\"lazy\" decoding=\"async\" src=\"https:\/\/www.kitetribe.org\/wp-content\/uploads\/2025\/04\/kitetribe_testimonial_sarah.jpg\" width=\"400\" height=\"284\" alt=\"Essential Skills you need for Kitesurfing\" class=\"\" srcset=\"https:\/\/www.kitetribe.org\/wp-content\/uploads\/2025\/04\/kitetribe_testimonial_sarah.jpg 479w, https:\/\/www.kitetribe.org\/wp-content\/uploads\/2025\/04\/kitetribe_testimonial_sarah-400x284.jpg 480w\" sizes=\"(max-width:479px) 479px, 100vw\" \/><span data-icon=\"\ue050\" class=\"et_overlay et_pb_inline_icon\"><\/span><\/a><\/div><h2 class=\"entry-title\"><a href=\"https:\/\/www.kitetribe.org\/de\/essential-skills-you-need-for-kitesurfing\/\">Essential Skills you need for Kitesurfing<\/a><\/h2><p class=\"post-meta\"><span class=\"published\">Apr. 22, 2025<\/span> | <span class=\"entry-categories\"><a href=\"https:\/\/www.kitetribe.org\/de\/category\/kitesurfing\/\" rel=\"tag\">Kitesurfing<\/a><\/span><\/p><div class=\"post-content\"><div class=\"post-content-inner\"><p>A Beginner\u2019s Guide to Getting Started Safely and Confidently Kitesurfing is an incredible water&#8230;<\/p>\n<\/div><\/div><\/article><article class=\"et_pb_post et_pb_post_id_228 clearfix et_pb_blog_item_0_1 post-228 post type-post status-publish format-standard has-post-thumbnail hentry category-kitesurfing\"><div class=\"et_pb_image_container\"><a href=\"https:\/\/www.kitetribe.org\/de\/why-kitesurfing-is-so-popular\/\" class=\"entry-featured-image-url\"><img loading=\"lazy\" decoding=\"async\" src=\"https:\/\/www.kitetribe.org\/wp-content\/uploads\/2025\/04\/kitesafari_redsea_spot.jpg\" width=\"400\" height=\"284\" alt=\"Why Kitesurfing is so popular\" class=\"\" srcset=\"https:\/\/www.kitetribe.org\/wp-content\/uploads\/2025\/04\/kitesafari_redsea_spot.jpg 479w, https:\/\/www.kitetribe.org\/wp-content\/uploads\/2025\/04\/kitesafari_redsea_spot-400x284.jpg 480w\" sizes=\"(max-width:479px) 479px, 100vw\" \/><span data-icon=\"\ue050\" class=\"et_overlay et_pb_inline_icon\"><\/span><\/a><\/div><h2 class=\"entry-title\"><a href=\"https:\/\/www.kitetribe.org\/de\/why-kitesurfing-is-so-popular\/\">Why Kitesurfing is so popular<\/a><\/h2><p class=\"post-meta\"><span class=\"published\">M\u00e4rz 15, 2024<\/span> | <span class=\"entry-categories\"><a href=\"https:\/\/www.kitetribe.org\/de\/category\/kitesurfing\/\" rel=\"tag\">Kitesurfing<\/a><\/span><\/p><div class=\"post-content\"><div class=\"post-content-inner\"><p>The Rise of the Wind-Powered Adventure Sport In recent years, kitesurfing has become one of the&#8230;<\/p>\n<\/div><\/div><\/article><article class=\"et_pb_post et_pb_post_id_224 clearfix et_pb_blog_item_0_2 post-224 post type-post status-publish format-standard has-post-thumbnail hentry category-kitesurfing tag-kitesurfing-skills\"><div class=\"et_pb_image_container\"><a href=\"https:\/\/www.kitetribe.org\/de\/elevate-your-kitesurfing-skills-a-guide-to-progressing-beyond-the-basics\/\" class=\"entry-featured-image-url\"><img loading=\"lazy\" decoding=\"async\" src=\"https:\/\/www.kitetribe.org\/wp-content\/uploads\/2025\/03\/Kitetribe_team_Tony.jpg\" width=\"400\" height=\"284\" alt=\"Elevate Your Kitesurfing Skills: A Guide to Progressing Beyond the Basics\" class=\"\" srcset=\"https:\/\/www.kitetribe.org\/wp-content\/uploads\/2025\/03\/Kitetribe_team_Tony.jpg 479w, https:\/\/www.kitetribe.org\/wp-content\/uploads\/2025\/03\/Kitetribe_team_Tony-400x284.jpg 480w\" sizes=\"(max-width:479px) 479px, 100vw\" \/><span data-icon=\"\ue050\" class=\"et_overlay et_pb_inline_icon\"><\/span><\/a><\/div><h2 class=\"entry-title\"><a href=\"https:\/\/www.kitetribe.org\/de\/elevate-your-kitesurfing-skills-a-guide-to-progressing-beyond-the-basics\/\">Elevate Your Kitesurfing Skills: A Guide to Progressing Beyond the Basics<\/a><\/h2><p class=\"post-meta\"><span class=\"published\">M\u00e4rz 15, 2024<\/span> | <span class=\"entry-categories\"><a href=\"https:\/\/www.kitetribe.org\/de\/category\/kitesurfing\/\" rel=\"tag\">Kitesurfing<\/a><\/span><\/p><div class=\"post-content\"><div class=\"post-content-inner\"><p>A Guide to Progressing Beyond the Basics So you\u2019ve mastered the water start, can ride both&#8230;<\/p>\n<\/div><\/div><\/article><article class=\"et_pb_post et_pb_post_id_205 clearfix et_pb_blog_item_0_3 post-205 post type-post status-publish format-standard has-post-thumbnail hentry category-kitesurfing tag-learning-kitesurfing\"><div class=\"et_pb_image_container\"><a href=\"https:\/\/www.kitetribe.org\/de\/can-you-learn-kitesurfing-in-a-week\/\" class=\"entry-featured-image-url\"><img loading=\"lazy\" decoding=\"async\" src=\"https:\/\/www.kitetribe.org\/wp-content\/uploads\/2024\/03\/Fabi-Kite-Tribe.jpg\" width=\"400\" height=\"284\" alt=\"Can you learn Kitesurfing in a Week?\" class=\"\" srcset=\"https:\/\/www.kitetribe.org\/wp-content\/uploads\/2024\/03\/Fabi-Kite-Tribe.jpg 479w, https:\/\/www.kitetribe.org\/wp-content\/uploads\/2024\/03\/Fabi-Kite-Tribe-400x284.jpg 480w\" sizes=\"(max-width:479px) 479px, 100vw\" \/><span data-icon=\"\ue050\" class=\"et_overlay et_pb_inline_icon\"><\/span><\/a><\/div><h2 class=\"entry-title\"><a href=\"https:\/\/www.kitetribe.org\/de\/can-you-learn-kitesurfing-in-a-week\/\">Can you learn Kitesurfing in a Week?<\/a><\/h2><p class=\"post-meta\"><span class=\"published\">M\u00e4rz 15, 2024<\/span> | <span class=\"entry-categories\"><a href=\"https:\/\/www.kitetribe.org\/de\/category\/kitesurfing\/\" rel=\"tag\">Kitesurfing<\/a><\/span><\/p><div class=\"post-content\"><div class=\"post-content-inner\"><p>What You Really Need to Know Before You Start? If you\u2019ve been dreaming of flying over turquoise&#8230;<\/p>\n<\/div><\/div><\/article><article class=\"et_pb_post et_pb_post_id_209 clearfix et_pb_blog_item_0_4 post-209 post type-post status-publish format-standard has-post-thumbnail hentry category-el-gouna category-kitesurfing\"><div class=\"et_pb_image_container\"><a href=\"https:\/\/www.kitetribe.org\/de\/egypt-perfect-kitesurfing-destination\/\" class=\"entry-featured-image-url\"><img loading=\"lazy\" decoding=\"async\" src=\"https:\/\/www.kitetribe.org\/wp-content\/uploads\/2025\/04\/kitesafari_beach_kitegirls.jpg\" width=\"400\" height=\"284\" alt=\"Why Egypt Is a Premier Destination for Kitesurfing Enthusiasts\" class=\"\" srcset=\"https:\/\/www.kitetribe.org\/wp-content\/uploads\/2025\/04\/kitesafari_beach_kitegirls.jpg 479w, https:\/\/www.kitetribe.org\/wp-content\/uploads\/2025\/04\/kitesafari_beach_kitegirls-400x284.jpg 480w\" sizes=\"(max-width:479px) 479px, 100vw\" \/><span data-icon=\"\ue050\" class=\"et_overlay et_pb_inline_icon\"><\/span><\/a><\/div><h2 class=\"entry-title\"><a href=\"https:\/\/www.kitetribe.org\/de\/egypt-perfect-kitesurfing-destination\/\">Why Egypt Is a Premier Destination for Kitesurfing Enthusiasts<\/a><\/h2><p class=\"post-meta\"><span class=\"published\">M\u00e4rz 15, 2024<\/span> | <span class=\"entry-categories\"><a href=\"https:\/\/www.kitetribe.org\/de\/category\/el-gouna\/\" rel=\"tag\">El Gouna<\/a>, <a href=\"https:\/\/www.kitetribe.org\/de\/category\/kitesurfing\/\" rel=\"tag\">Kitesurfing<\/a><\/span><\/p><div class=\"post-content\"><div class=\"post-content-inner\"><p>The Facts about Egypt (El Gouna) as the perfect destination for Kitesurfers Egypt has become one&#8230;<\/p>\n<\/div><\/div><\/article><article class=\"et_pb_post et_pb_post_id_156 clearfix et_pb_blog_item_0_5 post-156 post type-post status-publish format-standard has-post-thumbnail hentry category-kitesurfing tag-kiting\"><div class=\"et_pb_image_container\"><a href=\"https:\/\/www.kitetribe.org\/de\/kitesurfing-101\/\" class=\"entry-featured-image-url\"><img loading=\"lazy\" decoding=\"async\" src=\"https:\/\/www.kitetribe.org\/wp-content\/uploads\/2024\/03\/Kitesurfing-in-the-red-sea.jpg\" width=\"400\" height=\"284\" alt=\"kitesurfing downwinder on kite and wingfoil safari\" class=\"\" srcset=\"https:\/\/www.kitetribe.org\/wp-content\/uploads\/2024\/03\/Kitesurfing-in-the-red-sea.jpg 479w, https:\/\/www.kitetribe.org\/wp-content\/uploads\/2024\/03\/Kitesurfing-in-the-red-sea-400x284.jpg 480w\" sizes=\"(max-width:479px) 479px, 100vw\" \/><span data-icon=\"\ue050\" class=\"et_overlay et_pb_inline_icon\"><\/span><\/a><\/div><h2 class=\"entry-title\"><a href=\"https:\/\/www.kitetribe.org\/de\/kitesurfing-101\/\">Kitesurfing 101<\/a><\/h2><p class=\"post-meta\"><span class=\"published\">M\u00e4rz 15, 2024<\/span> | <span class=\"entry-categories\"><a href=\"https:\/\/www.kitetribe.org\/de\/category\/kitesurfing\/\" rel=\"tag\">Kitesurfing<\/a><\/span><\/p><div class=\"post-content\"><div class=\"post-content-inner\"><p>Kitesurfing 101: Everything You Need to Know to Start Your Journey Kitesurfing, a sport that&#8230;<\/p>\n<\/div><\/div><\/article><\/div><div class=\"pagination clearfix\">\n\t<div class=\"alignleft\"><\/div>\n\t<div class=\"alignright\"><\/div>\n<\/div><\/div><\/div><\/div><\/div><div class=\"et_pb_row_2 et_pb_row et_block_row\"><div class=\"et_pb_column_3 et_pb_column et_pb_column_4_4 et-last-child et_block_column et_pb_css_mix_blend_mode_passthrough\"><div class=\"et_pb_text_2 et_pb_text et_pb_bg_layout_light et_pb_module et_block_module\"><div class=\"et_pb_text_inner\"><h3>Why El Gouna is a Kitesurfer&#8217;s Dream<\/h3>\n<p>Discover why El Gouna holds a special place in the hearts of kitesurfers worldwide. Known for its perfect wind conditions, flat waters, and vibrant kitesurfing community, El Gouna is not just a destination; it&#8217;s an experience. Our features include spot guides, weather forecasts, and the best times to visit, ensuring you make the most of your kitesurfing adventures in this idyllic location.<\/p>\n<h2>Gear Reviews and Recommendations<\/h2>\n<p>Stay ahead of the curve with our comprehensive gear reviews and recommendations. Whether you&#8217;re in the market for a new kite, board, or the latest in safety equipment, our expert reviews will guide you to make the best choices for your style and skill level. Plus, learn about the newest innovations in wing foiling and hydro foiling, and how they&#8217;re changing the game for riders in Egypt and beyond.<\/p>\n<h2>Tips and Techniques for All Levels<\/h2>\n<p>From mastering your first water start to executing thrilling jumps and tricks, our magazine provides valuable tips and techniques for kitesurfers at every level. Learn from the pros with our step-by-step guides, improve your riding efficiency, and take your kitesurfing skills to new heights with advice tailored to the unique conditions of kitesurfing spots in Egypt.<\/p>\n<h2>The Vibrant Kitesurfing Community<\/h2>\n<p>Immerse yourself in the stories and experiences that knit the kitesurfing community together. Our magazine features interviews with local and international riders, highlights from competitions and events, and personal stories of adventure, challenge, and triumph from the waters of Egypt and El Gouna.<\/p>\n<h2>Sustainability and Environment<\/h2>\n<p>Kitesurfing offers a unique connection to the natural world, and our magazine is committed to promoting sustainability and environmental awareness within the community. Discover how you can contribute to preserving the beauty of Egypt&#8217;s kitesurfing spots for future generations through responsible practices and community initiatives.<\/p>\n<h2>Join the Adventure<\/h2>\n<p>Our Kitesurfing Magazine is more than just a publication; it&#8217;s a gateway to the thrilling world of kitesurfing in Egypt and El Gouna. With content crafted by kitesurfers for kitesurfers, we aim to inspire, educate, and unite riders from around the globe. Whether you&#8217;re planning your next kitesurfing trip, looking to improve your skills, or simply want to stay connected with the kitesurfing world, our magazine is your go-to source for all things kiting.<\/p>\n<p>Dive into our articles, share your experiences, and become part of a community that&#8217;s as passionate about kitesurfing as you are. Welcome to your ultimate kitesurfing magazine\u2014where every gust of wind tells a story.<\/p>\n<\/div><\/div><\/div><\/div><\/div>","protected":false},"excerpt":{"rendered":"","protected":false},"author":2,"featured_media":0,"parent":0,"menu_order":0,"comment_status":"closed","ping_status":"closed","template":"","meta":{"footnotes":""},"class_list":["post-220","page","type-page","status-publish","hentry"],"_links":{"self":[{"href":"https:\/\/www.kitetribe.org\/de\/wp-json\/wp\/v2\/pages\/220","targetHints":{"allow":["GET"]}}],"collection":[{"href":"https:\/\/www.kitetribe.org\/de\/wp-json\/wp\/v2\/pages"}],"about":[{"href":"https:\/\/www.kitetribe.org\/de\/wp-json\/wp\/v2\/types\/page"}],"author":[{"embeddable":true,"href":"https:\/\/www.kitetribe.org\/de\/wp-json\/wp\/v2\/users\/2"}],"replies":[{"embeddable":true,"href":"https:\/\/www.kitetribe.org\/de\/wp-json\/wp\/v2\/comments?post=220"}],"version-history":[{"count":8,"href":"https:\/\/www.kitetribe.org\/de\/wp-json\/wp\/v2\/pages\/220\/revisions"}],"predecessor-version":[{"id":973,"href":"https:\/\/www.kitetribe.org\/de\/wp-json\/wp\/v2\/pages\/220\/revisions\/973"}],"wp:attachment":[{"href":"https:\/\/www.kitetribe.org\/de\/wp-json\/wp\/v2\/media?parent=220"}],"curies":[{"name":"wp","href":"https:\/\/api.w.org\/{rel}","templated":true}]}}