{"id":265,"date":"2024-03-15T19:36:27","date_gmt":"2024-03-15T17:36:27","guid":{"rendered":"https:\/\/amasol.donnawedda.de\/?page_id=265"},"modified":"2026-03-05T19:04:47","modified_gmt":"2026-03-05T17:04:47","slug":"kurse","status":"publish","type":"page","link":"https:\/\/www.kitetribe.org\/de\/lessons\/","title":{"rendered":"Kurse"},"content":{"rendered":"<div class=\"et_pb_section_0 et_pb_section et_section_regular et_block_section\"><div class=\"et_pb_row_0 et_pb_row et_block_row et_animated\"><div class=\"et_pb_column_0 et_pb_column et_pb_column_3_5 et_block_column et_pb_css_mix_blend_mode_passthrough\"><div class=\"et_pb_image_0 et_pb_image et_animated et_pb_module et_block_module\"><span class=\"et_pb_image_wrap\"><img loading=\"lazy\" decoding=\"async\" src=\"https:\/\/www.kitetribe.org\/wp-content\/uploads\/2025\/03\/Kitesurfing_privatecoaching.jpg\" width=\"1200\" height=\"900\" srcset=\"https:\/\/www.kitetribe.org\/wp-content\/uploads\/2025\/03\/Kitesurfing_privatecoaching.jpg 1200w, https:\/\/www.kitetribe.org\/wp-content\/uploads\/2025\/03\/Kitesurfing_privatecoaching-980x735.jpg 980w, https:\/\/www.kitetribe.org\/wp-content\/uploads\/2025\/03\/Kitesurfing_privatecoaching-480x360.jpg 480w\" sizes=\"(min-width: 0px) and (max-width: 480px) 480px, (min-width: 481px) and (max-width: 980px) 980px, (min-width: 981px) 1200px, 100vw\" class=\"wp-image-435\" title=\"Kitesurfing_privatecoaching\" alt=\"kitesurfing instructor teaching kitesurfing student\" \/><\/span><\/div><\/div><div class=\"et_pb_column_1 et_pb_column et_pb_column_2_5 et-last-child et_block_column et_pb_css_mix_blend_mode_passthrough\"><div class=\"et_pb_text_0 et_pb_text et_pb_bg_layout_light et_pb_module et_block_module et_pb_text_align_center\"><div class=\"et_pb_text_inner\"><h1 style=\"text-align: center;\">Unterricht &amp; Kurse<\/h1>\n<h2 style=\"text-align: center;\"><\/h2>\n<h2 style=\"text-align: center;\"><\/h2>\n<h2 style=\"text-align: center;\"><\/h2>\n<h2 style=\"text-align: center;\">Entfessle dein Potenzial mit unseren Kitesurf- und Wingfoiling-Kursen<\/h2>\n<p>&nbsp;<\/p>\n<p style=\"text-align: center;\">\n<p style=\"text-align: center;\">Willkommen bei Kite Tribe, der beste Ort, um die aufregenden Sportarten Kitesurfen und Wingfoiling im wundersch\u00f6nen El Gouna in \u00c4gypten zu lernen oder zu meistern. Bei Kite Tribe sind wir leidenschaftlich darauf spezialisiert, erstklassige Kitesurfing- und Wingfoiling-Kurse anzubieten, die auf jedes Skill-Level zugeschnitten sind \u2013 von absoluten Anf\u00e4ngern bis hin zu erfahrenen Enthusiasten, die ihre F\u00e4higkeiten auf das n\u00e4chste Level bringen m\u00f6chten.<\/p>\n<p style=\"text-align: center;\"><span style=\"color: #ff9900;\">___________<\/span><\/p>\n<\/div><\/div><\/div><\/div><\/div><div class=\"et_pb_section_1 et_pb_section et_section_regular et_block_section\"><div class=\"et_pb_row_1 et_pb_row et_block_row\"><div class=\"et_pb_column_2 et_pb_column et_pb_column_1_2 et_block_column et_pb_css_mix_blend_mode_passthrough\"><div class=\"et_pb_image_1 et_pb_image et_animated et_pb_module et_block_module\"><span class=\"et_pb_image_wrap\"><img loading=\"lazy\" decoding=\"async\" src=\"https:\/\/www.kitetribe.org\/wp-content\/uploads\/2025\/03\/kitesurfing_course_egypt.jpg\" width=\"1200\" height=\"900\" srcset=\"https:\/\/www.kitetribe.org\/wp-content\/uploads\/2025\/03\/kitesurfing_course_egypt.jpg 1200w, https:\/\/www.kitetribe.org\/wp-content\/uploads\/2025\/03\/kitesurfing_course_egypt-980x735.jpg 980w, https:\/\/www.kitetribe.org\/wp-content\/uploads\/2025\/03\/kitesurfing_course_egypt-480x360.jpg 480w\" sizes=\"(min-width: 0px) and (max-width: 480px) 480px, (min-width: 481px) and (max-width: 980px) 980px, (min-width: 981px) 1200px, 100vw\" class=\"wp-image-437\" title=\"kitesurfing_course_egypt\" alt=\"kitesurfing lessons with instructor and two students\" \/><\/span><\/div><\/div><div class=\"et_pb_column_3 et_pb_column et_pb_column_1_2 et-last-child et_block_column et_pb_css_mix_blend_mode_passthrough\"><div class=\"et_pb_text_1 et_pb_text et_pb_bg_layout_light et_pb_module et_block_module\"><div class=\"et_pb_text_inner\"><h2>Kitesurfing Unterricht<\/h2>\n<p>Bei Kite Tribe wollen wir Kitesurfen f\u00fcr alle zug\u00e4nglich  machen und sid darauf bedacht diesen Sport mit Spa\u00df erlebbar zu machen. Unsere Kitesurfing-Kurse sind darauf ausgelegt, euch von den Grundlagen bis zu fortgeschrittenen Techniken in einer sicheren und unterst\u00fctzenden Umgebung zu begleiten. \n\nW\u00e4hlt aus:<\/p>\n<ul>\n<li><strong>Komplette Kurse:<\/strong>: Ideal for beginners, our complete courses cover everything from kite setup and safety to water starts and riding techniques. Led by our certified instructors, you'll gain confidence and skills at your own pace, ensuring a solid foundation for your kitesurfing journey.<\/li>\n<li><strong>Privatunterricht:<\/strong>: Tailored to your specific goals and skill level, private lessons offer one-on-one attention from our expert instructors. Whether you're looking to master a new trick or improv<\/li>\n<\/ul>\n<\/div><\/div><div class=\"et_pb_module et_pb_button_module_wrapper et_pb_button_0_wrapper\"><a class=\"et_pb_button_0 et_pb_button et_pb_bg_layout_light et_pb_module et_block_module\" href=\"https:\/\/www.kitetribe.org\/de\/lessons\/kitesurfing\/\">Zu den Kursen &amp; Preisen<\/a><\/div><\/div><\/div><div class=\"et_pb_row_2 et_pb_row et_block_row\"><div class=\"et_pb_column_4 et_pb_column et_pb_column_1_2 et_block_column et_pb_css_mix_blend_mode_passthrough\"><div class=\"et_pb_text_2 et_pb_text et_pb_bg_layout_light et_pb_module et_block_module\"><div class=\"et_pb_text_inner\"><h2>Wingfoiling Unterricht<\/h2>\n<p>Wingfoiling ist der neueste Trend in der Welt der Wassersportarten und bietet eine einzigartige Mischung aus Aufregung und Herausforderung. Kite Tribe steht an der Spitze dieses aufstrebenden Sports und bietet Unterrichtseinheiten f\u00fcr sowohl Anf\u00e4nger als auch erfahrene Surfer, die Wingfoiling entdecken m\u00f6chten:<\/p>\n<ul>\n<li><strong>Umfassende Wingfoiling-Kurse<\/strong>: Our courses introduce you to the fundamentals of wingfoiling, from handling the wing to maintaining balance on the foil board. Step by step, you'll progress to more advanced maneuvers, riding with confidence across the glistening waters of El Gouna.<\/li>\n<li><strong>Individuelle Privatstunden<\/strong>: F\u00fcr einen fokussierteren Ansatz w\u00e4hlt Privatstunden im Wingfoiling. Unsere Lehrer arbeiten eng mit euch zusammen, gehen auf eure individuellen Bed\u00fcrfnisse ein und helfen euch, eure F\u00e4higkeiten und Techniken schnell zu verbessern.<\/li>\n<\/ul>\n<\/div><\/div><div class=\"et_pb_module et_pb_button_module_wrapper et_pb_button_1_wrapper\"><a class=\"et_pb_button_1 et_pb_button et_pb_bg_layout_light et_pb_module et_block_module\" href=\"https:\/\/www.kitetribe.org\/de\/lessons\/wing-foiling\/\">Zu den Kursen &amp; Preisen<\/a><\/div><\/div><div class=\"et_pb_column_5 et_pb_column et_pb_column_1_2 et-last-child et_block_column et_pb_css_mix_blend_mode_passthrough\"><div class=\"et_pb_image_2 et_pb_image et_animated et_pb_module et_block_module\"><span class=\"et_pb_image_wrap\"><img loading=\"lazy\" decoding=\"async\" src=\"https:\/\/www.kitetribe.org\/wp-content\/uploads\/2024\/03\/Wingfoiling-lesson.jpg\" width=\"1200\" height=\"800\" srcset=\"https:\/\/www.kitetribe.org\/wp-content\/uploads\/2024\/03\/Wingfoiling-lesson.jpg 1200w, https:\/\/www.kitetribe.org\/wp-content\/uploads\/2024\/03\/Wingfoiling-lesson-980x653.jpg 980w, https:\/\/www.kitetribe.org\/wp-content\/uploads\/2024\/03\/Wingfoiling-lesson-480x320.jpg 480w\" sizes=\"(min-width: 0px) and (max-width: 480px) 480px, (min-width: 481px) and (max-width: 980px) 980px, (min-width: 981px) 1200px, 100vw\" class=\"wp-image-90\" title=\"Wingfoiling lesson\" alt=\"group of 5 girls sitting on the kite beach in El Gouna in Egypt, looking at the kites in the water. The image shows the girls from the back, all wearing a Kite Tribe T-Shirt\" \/><\/span><\/div><\/div><\/div><div class=\"et_pb_row_3 et_pb_row et_block_row\"><div class=\"et_pb_column_6 et_pb_column et_pb_column_4_4 et-last-child et_block_column et_pb_css_mix_blend_mode_passthrough\"><div class=\"et_pb_text_3 et_pb_text et_pb_bg_layout_light et_pb_module et_block_module\"><div class=\"et_pb_text_inner\"><h2 style=\"text-align: center;\">Entdeckt eure Optionen \u00fcber unsere Kurse und Unterrichtseinheiten hinaus<\/h2>\n<p style=\"text-align: center;\"><span>Unser Angebot geht weit \u00fcber nur Unterricht hinaus. Begebt euch auf eine unvergessliche Reise mit unseren exklusiven Kite-Safaris, intensiven Kite-Camps und aufregenden Gruppenreisen. Taucht ein in das Herz von Abenteuer, Kameradschaft und unvergleichlichen Kitesurf-Erlebnissen, die euch mit Kite Tribe erwarten.<\/span><\/p>\n<\/div><\/div><\/div><\/div><div class=\"et_pb_row_4 et_pb_row et_block_row\"><div class=\"et_pb_column_7 et_pb_column et_pb_column_1_3 et_block_column et_pb_css_mix_blend_mode_passthrough\"><div class=\"et_pb_blurb_0 et_pb_blurb et_pb_bg_layout_light et_pb_blurb_position_top et_clickable et_pb_module et_block_module\"><div class=\"et_pb_blurb_content\"><div class=\"et_pb_main_blurb_image\"><a href=\"http:\/\/Explore%20Now\"><span class=\"et_pb_image_wrap et_pb_only_image_mode_wrap\"><img loading=\"lazy\" decoding=\"async\" src=\"https:\/\/www.kitetribe.org\/wp-content\/uploads\/2025\/03\/Kite_safari_boat.jpg\" width=\"1200\" height=\"900\" srcset=\"https:\/\/www.kitetribe.org\/wp-content\/uploads\/2025\/03\/Kite_safari_boat.jpg 1200w, https:\/\/www.kitetribe.org\/wp-content\/uploads\/2025\/03\/Kite_safari_boat-980x735.jpg 980w, https:\/\/www.kitetribe.org\/wp-content\/uploads\/2025\/03\/Kite_safari_boat-480x360.jpg 480w\" sizes=\"(min-width: 0px) and (max-width: 480px) 480px, (min-width: 481px) and (max-width: 980px) 980px, (min-width: 981px) 1200px, 100vw\" class=\"et-waypoint et_pb_animation_top et_pb_animation_top_tablet et_pb_animation_top_phone wp-image-458\" \/><\/span><\/a><\/div><div class=\"et_pb_blurb_container\"><h3 class=\"et_pb_module_header\"><a href=\"http:\/\/Explore%20Now\">Kite Safaris<\/a><\/h3><div class=\"et_pb_blurb_description\"><p>Red Sea Islands | 7 days<\/p>\n<p><span style=\"color: #008080;\"><strong>ab 1550\u20ac<\/strong><\/span><\/p>\n<\/div><\/div><\/div><\/div><\/div><div class=\"et_pb_column_8 et_pb_column et_pb_column_1_3 et_block_column et_pb_css_mix_blend_mode_passthrough\"><div class=\"et_pb_blurb_1 et_pb_blurb et_pb_bg_layout_light et_pb_blurb_position_top et_clickable et_pb_module et_block_module\"><div class=\"et_pb_blurb_content\"><div class=\"et_pb_main_blurb_image\"><span class=\"et_pb_image_wrap et_pb_only_image_mode_wrap\"><img loading=\"lazy\" decoding=\"async\" src=\"https:\/\/www.kitetribe.org\/wp-content\/uploads\/2024\/12\/Kitetribe_grouptravel.jpg\" width=\"1200\" height=\"900\" srcset=\"https:\/\/www.kitetribe.org\/wp-content\/uploads\/2024\/12\/Kitetribe_grouptravel.jpg 1200w, https:\/\/www.kitetribe.org\/wp-content\/uploads\/2024\/12\/Kitetribe_grouptravel-980x735.jpg 980w, https:\/\/www.kitetribe.org\/wp-content\/uploads\/2024\/12\/Kitetribe_grouptravel-480x360.jpg 480w\" sizes=\"(min-width: 0px) and (max-width: 480px) 480px, (min-width: 481px) and (max-width: 980px) 980px, (min-width: 981px) 1200px, 100vw\" class=\"et-waypoint et_pb_animation_top et_pb_animation_top_tablet et_pb_animation_top_phone wp-image-397\" alt=\"kitesurfing group on the beach\" \/><\/span><\/div><div class=\"et_pb_blurb_container\"><h3 class=\"et_pb_module_header\">Kite Camps<\/h3><div class=\"et_pb_blurb_description\"><p>7 Tage | 4+ Personen<\/p>\n<p><span style=\"color: #008080;\"><strong>ab 900\u20ac<\/strong><\/span><\/p>\n<\/div><\/div><\/div><\/div><\/div><div class=\"et_pb_column_9 et_pb_column et_pb_column_1_3 et-last-child et_block_column et_pb_css_mix_blend_mode_passthrough\"><div class=\"et_pb_blurb_2 et_pb_blurb et_pb_bg_layout_light et_pb_blurb_position_top et_clickable et_pb_module et_block_module\"><div class=\"et_pb_blurb_content\"><div class=\"et_pb_main_blurb_image\"><span class=\"et_pb_image_wrap et_pb_only_image_mode_wrap\"><img loading=\"lazy\" decoding=\"async\" src=\"https:\/\/www.kitetribe.org\/wp-content\/uploads\/2025\/03\/Kitesafari_girlstrip.jpg\" width=\"1200\" height=\"900\" srcset=\"https:\/\/www.kitetribe.org\/wp-content\/uploads\/2025\/03\/Kitesafari_girlstrip.jpg 1200w, https:\/\/www.kitetribe.org\/wp-content\/uploads\/2025\/03\/Kitesafari_girlstrip-980x735.jpg 980w, https:\/\/www.kitetribe.org\/wp-content\/uploads\/2025\/03\/Kitesafari_girlstrip-480x360.jpg 480w\" sizes=\"(min-width: 0px) and (max-width: 480px) 480px, (min-width: 481px) and (max-width: 980px) 980px, (min-width: 981px) 1200px, 100vw\" class=\"et-waypoint et_pb_animation_top et_pb_animation_top_tablet et_pb_animation_top_phone wp-image-446\" alt=\"group travel photo girls trip\" \/><\/span><\/div><div class=\"et_pb_blurb_container\"><h3 class=\"et_pb_module_header\">Gruppenreise<\/h3><div class=\"et_pb_blurb_description\"><p>Tailored Holidays | 4+ persons<\/p>\n<p><span style=\"color: #008080;\"><strong>Je nach Anfrage<\/strong><\/span><\/p>\n<\/div><\/div><\/div><\/div><\/div><\/div><div class=\"et_pb_row_5 et_pb_row et_block_row\"><div class=\"et_pb_column_10 et_pb_column et_pb_column_4_4 et-last-child et_block_column et_pb_css_mix_blend_mode_passthrough\"><div class=\"et_pb_text_4 et_pb_text et_pb_bg_layout_light et_pb_module et_block_module\"><div class=\"et_pb_text_inner\"><h2>Warum solltet ihr euch f\u00fcr Kite Tribe entscheiden?<\/h2>\n<ul>\n<li><strong>Erfahrene Lehrer<\/strong>: Unser Team besteht aus leidenschaftlichen, IKO-zertifizierten Instruktoren, die sich daf\u00fcr einsetzen, hochwertigen Unterricht zu bieten und eure Sicherheit auf dem Wasser zu gew\u00e4hrleisten.<\/li>\n<li><strong>Ideale Bedingungen<\/strong>: El Gouna's perfect wind conditions, shallow waters, and flat sea offer an ideal learning environment for both kitesurfing and wingfoiling.<\/li>\n<li><strong>Flexible Lern-Optionen<\/strong>: Mit der Wahl zwischen kompletten Kursen und Privatstunden k\u00f6nnt ihr den Lernstil finden, der am besten zu eurem Tempo und euren Vorlieben passt.<\/li>\n<li><strong>Gemeinschaftlicher Spirit<\/strong>: Schlie\u00dft euch der Kite Tribe-Familie an und werdet Teil einer unterst\u00fctzende Gemeinschaft von Gleichgesinnten und Professionals.<\/li>\n<\/ul>\n<p>&nbsp;<\/p>\n<\/div><\/div><div class=\"et_pb_module et_pb_button_module_wrapper et_pb_button_2_wrapper\"><a class=\"et_pb_button_2 et_pb_button et_pb_bg_layout_light et_pb_module et_block_module\" href=\"https:\/\/www.kitetribe.org\/de\/about-us\/why-kite-tribe\/\">Mehr Entdecken<\/a><\/div><\/div><\/div><div class=\"et_pb_row_6 et_pb_row et_block_row\"><div class=\"et_pb_column_11 et_pb_column et_pb_column_1_2 et_block_column et_pb_css_mix_blend_mode_passthrough\"><div class=\"et_pb_contact_form_0 et_pb_contact_form_container clearfix et_pb_module et_flex_module\" data-form_unique_num=\"0\" data-form_unique_id=\"084a0c70-b0c1-4b91-8cc3-27ab84f81df9\" id=\"et_pb_contact_form_084a0c70-b0c1-4b91-8cc3-27ab84f81df9\"><h1 class=\"et_pb_contact_main_title\">Kontakt<\/h1><div class=\"et-pb-contact-message\"><\/div><div class=\"et_pb_contact\"><form class=\"et_pb_contact_form et_flex_module\" method=\"post\" action=\"https:\/\/www.kitetribe.org\/de\/wp-json\/wp\/v2\/pages\/265\" data-trp-original-action=\"https:\/\/www.kitetribe.org\/de\/wp-json\/wp\/v2\/pages\/265\"><div class=\"et_pb_contact_field_0 et_pb_contact_field et_pb_module et_flex_module et_flex_column_12_24 et_flex_column_12_24_tablet et_flex_column_12_24_phone\" data-id=\"name\" data-type=\"input\"><label class=\"et_pb_contact_form_label\" for=\"et_pb_contact_0_name_0\">Dein Name (erforderlich)<\/label><input type=\"text\" name=\"et_pb_contact_0_name_0\" id=\"et_pb_contact_0_name_0\" class=\"input\" data-required_mark=\"required\" data-field_type=\"input\" data-original_id=\"name\" placeholder=\"Dein Name (erforderlich)\" title=\"\" value=\"\" \/><\/div><div class=\"et_pb_contact_field_1 et_pb_contact_field et_pb_module et_flex_module et_flex_column_12_24 et_flex_column_12_24_tablet et_flex_column_12_24_phone\" data-id=\"your_email_(required)\" data-type=\"email\"><label class=\"et_pb_contact_form_label\" for=\"et_pb_contact_0_your_email_(required)_1\">E-Mail Adresse<\/label><input type=\"text\" name=\"et_pb_contact_0_your_email_(required)_1\" id=\"et_pb_contact_0_your_email_(required)_1\" class=\"input\" data-required_mark=\"required\" data-field_type=\"email\" data-original_id=\"your_email_(required)\" placeholder=\"E-Mail Adresse\" title=\"\" value=\"\" \/><\/div><div class=\"et_pb_contact_field_2 et_pb_contact_field et_pb_module et_flex_module et_flex_column_24_24 et_flex_column_24_24_tablet et_flex_column_24_24_phone\" data-id=\"interest\" data-type=\"checkbox\"><label class=\"et_pb_contact_form_label\">Woran bist du interessiert?<\/label><input type=\"hidden\" name=\"et_pb_contact_0_interest_2\" class=\"et_pb_checkbox_handle\" data-required_mark=\"required\" data-field_type=\"checkbox\" data-original_id=\"interest\" \/><span class=\"et_pb_contact_field_options_wrapper\"><span class=\"et_pb_contact_field_options_title\">Woran bist du interessiert?<\/span><span class=\"et_pb_contact_field_options_list\"><span class=\"et_pb_contact_field_checkbox\"><input type=\"checkbox\" id=\"et_pb_contact_0_interest_2_0\" class=\"input\" value=\"Kitesurfing\" data-required_mark=\"required\" data-field_type=\"checkbox\" data-original_id=\"interest\" \/><label for=\"et_pb_contact_0_interest_2_0\"><i><\/i>Kitesurfing<\/label><\/span><span class=\"et_pb_contact_field_checkbox\"><input type=\"checkbox\" id=\"et_pb_contact_0_interest_2_1\" class=\"input\" value=\"Wing Foiling\" data-required_mark=\"required\" data-field_type=\"checkbox\" data-original_id=\"interest\" \/><label for=\"et_pb_contact_0_interest_2_1\"><i><\/i>Wing-Foiling<\/label><\/span><span class=\"et_pb_contact_field_checkbox\"><input type=\"checkbox\" id=\"et_pb_contact_0_interest_2_2\" class=\"input\" value=\"Kite Safari\" data-required_mark=\"required\" data-field_type=\"checkbox\" data-original_id=\"interest\" \/><label for=\"et_pb_contact_0_interest_2_2\"><i><\/i>Kite Safari<\/label><\/span><span class=\"et_pb_contact_field_checkbox\"><input type=\"checkbox\" id=\"et_pb_contact_0_interest_2_3\" class=\"input\" value=\"Kite Camp\" data-required_mark=\"required\" data-field_type=\"checkbox\" data-original_id=\"interest\" \/><label for=\"et_pb_contact_0_interest_2_3\"><i><\/i>Kite Camp<\/label><\/span><span class=\"et_pb_contact_field_checkbox\"><input type=\"checkbox\" id=\"et_pb_contact_0_interest_2_4\" class=\"input\" value=\"Group Travel\" data-required_mark=\"required\" data-field_type=\"checkbox\" data-original_id=\"interest\" \/><label for=\"et_pb_contact_0_interest_2_4\"><i><\/i>Gruppenreise<\/label><\/span><span class=\"et_pb_contact_field_checkbox\"><input type=\"checkbox\" id=\"et_pb_contact_0_interest_2_5\" class=\"input\" value=\"Other\" data-required_mark=\"required\" data-field_type=\"checkbox\" data-original_id=\"interest\" \/><label for=\"et_pb_contact_0_interest_2_5\"><i><\/i>Was anderes<\/label><\/span><\/span><\/span><\/div><div class=\"et_pb_contact_field_3 et_pb_contact_field et_pb_module et_flex_module et_flex_column_24_24 et_flex_column_24_24_tablet et_flex_column_24_24_phone\" data-id=\"message\" data-type=\"text\"><label class=\"et_pb_contact_form_label\" for=\"et_pb_contact_0_message_3\">Give us some details. The more you tell us, the better we can answer your request. We will respond to you via email - please make sure it is correct \ud83d\ude42<\/label><textarea name=\"et_pb_contact_0_message_3\" id=\"et_pb_contact_0_message_3\" class=\"et_pb_contact_message input\" data-required_mark=\"required\" data-field_type=\"text\" data-original_id=\"message\" placeholder=\"Gib uns ein paar Details. Je mehr du uns erz\u00e4hlst, desto besser k\u00f6nnen wir deine Anfrage beantworten. Wir werden dir per E-Mail antworten \u2013 bitte stelle sicher, dass die Adresse korrekt ist. :)\"><\/textarea><\/div><div class=\"et_pb_contact_field_4 et_pb_contact_field et_pb_module et_flex_module et_flex_column_24_24 et_flex_column_24_24_tablet et_flex_column_24_24_phone\" data-id=\"consent\" data-type=\"checkbox\"><label class=\"et_pb_contact_form_label\"> <\/label><input type=\"hidden\" name=\"et_pb_contact_0_consent_4\" class=\"et_pb_checkbox_handle\" data-required_mark=\"required\" data-field_type=\"checkbox\" data-original_id=\"consent\" \/><span class=\"et_pb_contact_field_options_wrapper\"><span class=\"et_pb_contact_field_options_title\"> <\/span><span class=\"et_pb_contact_field_options_list\"><span class=\"et_pb_contact_field_checkbox\"><input type=\"checkbox\" id=\"et_pb_contact_0_consent_4_0\" class=\"input\" value=\"By submitting this contact form I agree to the privacy policy\" data-required_mark=\"required\" data-field_type=\"checkbox\" data-original_id=\"consent\" \/><label for=\"et_pb_contact_0_consent_4_0\"><i><\/i>Durch das Absenden dieses Kontaktformulars stimme ich der Datenschutzerkl\u00e4rung zu.<\/label><\/span><\/span><\/span><\/div><input type=\"hidden\" name=\"et_pb_contactform_submit_084a0c70-b0c1-4b91-8cc3-27ab84f81df9\" value=\"et_contact_proccess\" \/><div class=\"et_contact_bottom_container\"><div class=\"et_pb_contact_right et_pb_contact_field\"><p class=\"clearfix\"><span class=\"et_pb_contact_captcha_question\">1 + 6<\/span> = <input type=\"text\" size=\"2\" class=\"input et_pb_contact_captcha\" data-first_digit=\"1\" data-second_digit=\"6\" data-required_mark=\"required\" name=\"et_pb_contact_captcha_084a0c70-b0c1-4b91-8cc3-27ab84f81df9\" autocomplete=\"off\" \/><\/p><\/div><div class=\"et_pb_button_wrapper\"><button type=\"submit\" name=\"et_builder_submit_button\" class=\"et_pb_button et_pb_contact_submit\">Absenden<\/button><\/div><\/div><input type=\"hidden\" id=\"_wpnonce-et-pb-contact-form-submitted-084a0c70-b0c1-4b91-8cc3-27ab84f81df9\" name=\"_wpnonce-et-pb-contact-form-submitted-084a0c70-b0c1-4b91-8cc3-27ab84f81df9\" value=\"67e143bbf4\" \/><input type=\"hidden\" name=\"_wp_http_referer\" value=\"\/de\/wp-json\/wp\/v2\/pages\/265\" \/><input type=\"hidden\" name=\"trp-form-language\" value=\"de\"\/><\/form><\/div><\/div><\/div><div class=\"et_pb_column_12 et_pb_column et_pb_column_1_2 et-last-child et_block_column et_pb_css_mix_blend_mode_passthrough\"><div class=\"et_pb_text_5 et_pb_text et_pb_bg_layout_light et_pb_module et_block_module\"><div class=\"et_pb_text_inner\"><h2>Begebt euch auf euer Abenteuer<\/h2>\n<p>Ready to transform your dreams into reality with Kite Tribe in El Gouna? Whether you're drawn to the dynamic world of kitesurfing or the cutting-edge thrill of wingfoiling, Kite Tribe has the perfect lesson plan to suit your aspirations. Join us and experience the unparalleled joy of riding with the best.<\/p>\n<p>Discover the spirit of adventure and freedom on the waters of El Gouna with Kite Tribe. Your journey into the world of kitesurfing and wingfoiling starts here. Let's soar to new heights together!<\/p>\n<\/div><\/div><\/div><\/div><\/div>","protected":false},"excerpt":{"rendered":"","protected":false},"author":2,"featured_media":0,"parent":0,"menu_order":0,"comment_status":"closed","ping_status":"closed","template":"","meta":{"footnotes":""},"class_list":["post-265","page","type-page","status-publish","hentry"],"_links":{"self":[{"href":"https:\/\/www.kitetribe.org\/de\/wp-json\/wp\/v2\/pages\/265","targetHints":{"allow":["GET"]}}],"collection":[{"href":"https:\/\/www.kitetribe.org\/de\/wp-json\/wp\/v2\/pages"}],"about":[{"href":"https:\/\/www.kitetribe.org\/de\/wp-json\/wp\/v2\/types\/page"}],"author":[{"embeddable":true,"href":"https:\/\/www.kitetribe.org\/de\/wp-json\/wp\/v2\/users\/2"}],"replies":[{"embeddable":true,"href":"https:\/\/www.kitetribe.org\/de\/wp-json\/wp\/v2\/comments?post=265"}],"version-history":[{"count":11,"href":"https:\/\/www.kitetribe.org\/de\/wp-json\/wp\/v2\/pages\/265\/revisions"}],"predecessor-version":[{"id":975,"href":"https:\/\/www.kitetribe.org\/de\/wp-json\/wp\/v2\/pages\/265\/revisions\/975"}],"wp:attachment":[{"href":"https:\/\/www.kitetribe.org\/de\/wp-json\/wp\/v2\/media?parent=265"}],"curies":[{"name":"wp","href":"https:\/\/api.w.org\/{rel}","templated":true}]}}