{"id":278,"date":"2024-03-15T20:20:50","date_gmt":"2024-03-15T18:20:50","guid":{"rendered":"https:\/\/amasol.donnawedda.de\/?page_id=278"},"modified":"2026-03-05T19:04:50","modified_gmt":"2026-03-05T17:04:50","slug":"kite-safari-und-camps","status":"publish","type":"page","link":"https:\/\/www.kitetribe.org\/de\/kite-safaris-and-camps\/","title":{"rendered":"Kite Safaris und Camps"},"content":{"rendered":"<div class=\"et_pb_section_0 et_pb_section et_section_regular et_block_section\"><div class=\"et_pb_row_0 et_pb_row et_block_row et_animated\"><div class=\"et_pb_column_0 et_pb_column et_pb_column_3_5 et_block_column et_pb_css_mix_blend_mode_passthrough\"><div class=\"et_pb_image_0 et_pb_image et_animated et_pb_module et_block_module\"><span class=\"et_pb_image_wrap\"><img loading=\"lazy\" decoding=\"async\" src=\"https:\/\/www.kitetribe.org\/wp-content\/uploads\/2024\/03\/Kite-Tribe-Kite-Safari.jpg\" width=\"1200\" height=\"900\" srcset=\"https:\/\/www.kitetribe.org\/wp-content\/uploads\/2024\/03\/Kite-Tribe-Kite-Safari.jpg 1200w, https:\/\/www.kitetribe.org\/wp-content\/uploads\/2024\/03\/Kite-Tribe-Kite-Safari-980x735.jpg 980w, https:\/\/www.kitetribe.org\/wp-content\/uploads\/2024\/03\/Kite-Tribe-Kite-Safari-480x360.jpg 480w\" sizes=\"(min-width: 0px) and (max-width: 480px) 480px, (min-width: 481px) and (max-width: 980px) 980px, (min-width: 981px) 1200px, 100vw\" class=\"wp-image-290\" title=\"Kite Tribe Kite Safari\" alt=\"group of people on the beach watching a kitesurfer jump. everyone is wearing a kite tribe tshirt\" \/><\/span><\/div><\/div><div class=\"et_pb_column_1 et_pb_column et_pb_column_2_5 et-last-child et_block_column et_pb_css_mix_blend_mode_passthrough\"><div class=\"et_pb_text_0 et_pb_text et_pb_bg_layout_light et_pb_module et_block_module\"><div class=\"et_pb_text_inner\"><h1 style=\"text-align: center;\">Kite-Safaris, Kite-Camps &amp; Gruppenreisen<\/h1>\n<h2 style=\"text-align: center;\">Begib dich auf ein unvergessliches Kitesurf-Abenteuer mit Kite Tribe<\/h2>\n<p style=\"text-align: center;\">Welcome to Kite Tribe, where your dream kitesurfing holiday becomes a reality. Nestled in the heart of the Red Sea's azure waters, we offer an array of exhilarating kitesurfing experiences designed to cater to every enthusiast's desires. From luxurious kite safaris aboard stunning boats to specialized kite camps and tailored group travel experiences, your perfect kiteboarding adventure awaits. Dive in and discover what makes Kite Tribe the ultimate choice for your next kitesurfing getaway.<\/p>\n<p style=\"text-align: center;\"><span style=\"color: #ff9900;\">___________<\/span><\/p>\n<\/div><\/div><\/div><\/div><\/div><div class=\"et_pb_section_1 et_pb_section et_section_regular et_block_section\"><div class=\"et_pb_row_1 et_pb_row et_block_row\"><div class=\"et_pb_column_2 et_pb_column et_pb_column_2_5 et_block_column et_pb_css_mix_blend_mode_passthrough\"><div class=\"et_pb_image_1 et_pb_image et_animated et_pb_module et_block_module\"><span class=\"et_pb_image_wrap\"><img loading=\"lazy\" decoding=\"async\" src=\"https:\/\/www.kitetribe.org\/wp-content\/uploads\/2025\/09\/kitesafari-kitespot-setup.jpg\" width=\"1200\" height=\"900\" srcset=\"https:\/\/www.kitetribe.org\/wp-content\/uploads\/2025\/09\/kitesafari-kitespot-setup.jpg 1200w, https:\/\/www.kitetribe.org\/wp-content\/uploads\/2025\/09\/kitesafari-kitespot-setup-980x735.jpg 980w, https:\/\/www.kitetribe.org\/wp-content\/uploads\/2025\/09\/kitesafari-kitespot-setup-480x360.jpg 480w\" sizes=\"(min-width: 0px) and (max-width: 480px) 480px, (min-width: 481px) and (max-width: 980px) 980px, (min-width: 981px) 1200px, 100vw\" class=\"wp-image-892\" title=\"kitesafari-kitespot-setup\" alt=\"group of 5 girls sitting on the kite beach in El Gouna in Egypt, looking at the kites in the water. The image shows the girls from the back, all wearing a Kite Tribe T-Shirt\" \/><\/span><\/div><\/div><div class=\"et_pb_column_3 et_pb_column et_pb_column_3_5 et-last-child et_block_column et_pb_css_mix_blend_mode_passthrough\"><div class=\"et_pb_text_1 et_pb_text et_pb_bg_layout_light et_pb_module et_block_module\"><div class=\"et_pb_text_inner\"><h2 style=\"text-align: center;\">Kite-Safaris am Roten Meer: Luxus, Wind und Wellen<\/h2>\n<h3 style=\"text-align: center;\">Erlebt die ultimative Kitesurf-Safari<\/h3>\n<p style=\"text-align: center;\">Imagine embarking on a 7-day luxury kite safari across the Red Sea, where endless wind meets crystal-clear waters. Our all-inclusive kite safaris are more than just a holiday; they're an adventure-packed journey offering the best kitesurfing spots, deluxe accommodation on our exclusive boats, and a week filled with kiting, relaxation, and fun. Wake up to a new spot every day, kite to your heart's content, and unwind under the stars at night. This is kitesurfing at its most luxurious and thrilling.<\/p>\n<\/div><\/div><div class=\"et_pb_module et_pb_button_module_wrapper et_pb_button_0_wrapper\"><a class=\"et_pb_button_0 et_pb_button et_pb_bg_layout_light et_pb_module et_block_module\" href=\"https:\/\/www.kitetribe.org\/de\/kite-safaris-and-camps\/kite-safari-red-sea\/\">Entdecke unsere Kite Safaris<\/a><\/div><\/div><\/div><div class=\"et_pb_row_2 et_pb_row et_block_row\"><div class=\"et_pb_column_4 et_pb_column et_pb_column_3_5 et_block_column et_pb_css_mix_blend_mode_passthrough\"><div class=\"et_pb_text_2 et_pb_text et_pb_bg_layout_light et_pb_module et_block_module\"><div class=\"et_pb_text_inner\"><h2 style=\"text-align: center;\">Kite-Camps: Hebt eure F\u00e4higkeiten im Paradies auf ein neues Level<\/h2>\n<h3 style=\"text-align: center;\">Seid bei unseren spezialisierten Kite-Camps dabei<\/h3>\n<p style=\"text-align: center;\">Whether you're a beginner eager to learn or an advanced rider looking to refine your skills, our Kite Camps offer the perfect setting for progress and fun. Choose from our diverse camp options, including the serene Hamata or our empowering organized Girls Camps. Under the guidance of expert instructors, you'll experience rapid improvement, all while making lifelong friends and memories in some of the most beautiful kitesurfing destinations. Our camps combine intensive training with yoga, excursions, and social events, ensuring a well-rounded and unforgettable experience.<\/p>\n<\/div><\/div><div class=\"et_pb_module et_pb_button_module_wrapper et_pb_button_1_wrapper\"><a class=\"et_pb_button_1 et_pb_button et_pb_bg_layout_light et_pb_module et_block_module\" href=\"https:\/\/www.kitetribe.org\/de\/kite-safaris-and-camps\/kite-camps\/\">Kite Camp Hamata<\/a><\/div><\/div><div class=\"et_pb_column_5 et_pb_column et_pb_column_2_5 et-last-child et_block_column et_pb_css_mix_blend_mode_passthrough\"><div class=\"et_pb_image_2 et_pb_image et_animated et_pb_module et_block_module\"><span class=\"et_pb_image_wrap\"><img loading=\"lazy\" decoding=\"async\" src=\"https:\/\/www.kitetribe.org\/wp-content\/uploads\/2025\/03\/Kitesafari.jpg\" width=\"1200\" height=\"899\" srcset=\"https:\/\/www.kitetribe.org\/wp-content\/uploads\/2025\/03\/Kitesafari.jpg 1200w, https:\/\/www.kitetribe.org\/wp-content\/uploads\/2025\/03\/Kitesafari-980x734.jpg 980w, https:\/\/www.kitetribe.org\/wp-content\/uploads\/2025\/03\/Kitesafari-480x360.jpg 480w\" sizes=\"(min-width: 0px) and (max-width: 480px) 480px, (min-width: 481px) and (max-width: 980px) 980px, (min-width: 981px) 1200px, 100vw\" class=\"wp-image-586\" title=\"Kitesafari\" alt=\"group of 5 girls sitting on the kite beach in El Gouna in Egypt, looking at the kites in the water. The image shows the girls from the back, all wearing a Kite Tribe T-Shirt\" \/><\/span><\/div><\/div><\/div><div class=\"et_pb_row_3 et_pb_row et_block_row\"><div class=\"et_pb_column_6 et_pb_column et_pb_column_2_5 et_block_column et_pb_css_mix_blend_mode_passthrough\"><div class=\"et_pb_image_3 et_pb_image et_animated et_pb_module et_block_module\"><span class=\"et_pb_image_wrap\"><img loading=\"lazy\" decoding=\"async\" src=\"https:\/\/www.kitetribe.org\/wp-content\/uploads\/2025\/03\/kitesafari-snorkeling.jpg\" width=\"1200\" height=\"899\" srcset=\"https:\/\/www.kitetribe.org\/wp-content\/uploads\/2025\/03\/kitesafari-snorkeling.jpg 1200w, https:\/\/www.kitetribe.org\/wp-content\/uploads\/2025\/03\/kitesafari-snorkeling-980x734.jpg 980w, https:\/\/www.kitetribe.org\/wp-content\/uploads\/2025\/03\/kitesafari-snorkeling-480x360.jpg 480w\" sizes=\"(min-width: 0px) and (max-width: 480px) 480px, (min-width: 481px) and (max-width: 980px) 980px, (min-width: 981px) 1200px, 100vw\" class=\"wp-image-475\" title=\"kitesafari snorkeling\" alt=\"group of 5 girls sitting on the kite beach in El Gouna in Egypt, looking at the kites in the water. The image shows the girls from the back, all wearing a Kite Tribe T-Shirt\" \/><\/span><\/div><\/div><div class=\"et_pb_column_7 et_pb_column et_pb_column_3_5 et-last-child et_block_column et_pb_css_mix_blend_mode_passthrough\"><div class=\"et_pb_text_3 et_pb_text et_pb_bg_layout_light et_pb_module et_block_module\"><div class=\"et_pb_text_inner\"><h2 style=\"text-align: center;\">Gruppenreisen: Individuelle Kitesurfing-Abenteuer f\u00fcr Freunde<\/h2>\n<h3 style=\"text-align: center;\">Ma\u00dfgeschneiderte Kitesurf-Reisen f\u00fcr Gruppen<\/h3>\n<p style=\"text-align: center;\">Planning a kitesurfing holiday with friends has never been easier. At Kite Tribe, we specialize in organizing custom group travel experiences, taking care of all the details so you can focus on enjoying the ride. From arranging transfers and selecting the perfect hotel accommodations or villas to organizing kite storage and beach use, we've got you covered. And for those days when the wind decides to rest, we ensure your adventure continues with a variety of exciting activities. Discover new destinations, share incredible moments, and revel in the joy of kitesurfing together.<\/p>\n<\/div><\/div><\/div><\/div><div class=\"et_pb_row_4 et_pb_row et_block_row\"><div class=\"et_pb_column_8 et_pb_column et_pb_column_4_4 et-last-child et_block_column et_pb_css_mix_blend_mode_passthrough\"><div class=\"et_pb_heading_0 et_pb_heading et_pb_module et_block_module\"><div class=\"et_pb_heading_container\"><h2 class=\"et_pb_module_header\">Warum solltet ihr euch f\u00fcr Kite Tribe entscheiden?<\/h2><\/div><\/div><\/div><\/div><div class=\"et_pb_row_5 et_pb_row et_pb_equal_columns et_block_row\"><div class=\"et_pb_column_9 et_pb_column et_pb_column_3_5 et_block_column et_pb_css_mix_blend_mode_passthrough\"><div class=\"et_pb_text_4 et_pb_text et_pb_bg_layout_light et_pb_module et_block_module et_pb_text_align_center\"><div class=\"et_pb_text_inner\"><p style=\"text-align: center;\">Kite Tribe isn't just about kitesurfing; it's about creating experiences that stay with you long after you've left the water. With our passion for the sport, commitment to excellence, and unparalleled knowledge of the Red Sea's best spots, we ensure every trip is special. Our expert team is dedicated to providing personalized attention, ensuring your holiday is nothing short of magical.<\/p>\n<p style=\"text-align: center;\">Seid ihr bereit, den Wind des Abenteuers zu sp\u00fcren? Ob ihr den Luxus einer Kite-Safari, das Wachstum und die Kameradschaft eines Kite-Camps oder das unvergessliche Erlebnis einer Gruppenreise sucht \u2013 Kite Tribe ist hier, um eure Kitesurf-Tr\u00e4ume in Wirklichkeit umzusetzen. Schlie\u00dft euch uns an und entdeckt den ultimativen Kitesurf-Urlaub, ma\u00dfgeschneidert nur f\u00fcr euch. Das Rote Meer wartet \u2013 wohin wird euer Abenteuer euch f\u00fchren?<\/p>\n<\/div><\/div><\/div><div class=\"et_pb_column_10 et_pb_column et_pb_column_2_5 et-last-child et_block_column et_pb_css_mix_blend_mode_passthrough\"><div class=\"et_pb_image_4 et_pb_image et_animated et_pb_module et_block_module\"><span class=\"et_pb_image_wrap\"><img loading=\"lazy\" decoding=\"async\" src=\"https:\/\/www.kitetribe.org\/wp-content\/uploads\/2024\/03\/Kite-Tribe_family-on-the-beach.jpg\" width=\"1200\" height=\"800\" srcset=\"https:\/\/www.kitetribe.org\/wp-content\/uploads\/2024\/03\/Kite-Tribe_family-on-the-beach.jpg 1200w, https:\/\/www.kitetribe.org\/wp-content\/uploads\/2024\/03\/Kite-Tribe_family-on-the-beach-980x653.jpg 980w, https:\/\/www.kitetribe.org\/wp-content\/uploads\/2024\/03\/Kite-Tribe_family-on-the-beach-480x320.jpg 480w\" sizes=\"(min-width: 0px) and (max-width: 480px) 480px, (min-width: 481px) and (max-width: 980px) 980px, (min-width: 981px) 1200px, 100vw\" class=\"wp-image-134\" title=\"Kite-Tribe_family-on-the-beach\" alt=\"group of people on the beach watching a kitesurfer jump. everyone is wearing a kite tribe tshirt\" \/><\/span><\/div><\/div><\/div><div class=\"et_pb_row_6 et_pb_row et_block_row\"><div class=\"et_pb_column_11 et_pb_column et_pb_column_4_4 et-last-child et_block_column et_pb_css_mix_blend_mode_passthrough\"><div class=\"et_pb_text_5 et_pb_text et_pb_bg_layout_light et_pb_module et_block_module\"><div class=\"et_pb_text_inner\"><h2 style=\"text-align: center;\">Unsere Angebote<\/h2>\n<\/div><\/div><\/div><\/div><div class=\"et_pb_row_7 et_pb_row et_block_row\"><div class=\"et_pb_column_12 et_pb_column et_pb_column_1_3 et_block_column et_pb_css_mix_blend_mode_passthrough\"><div class=\"et_pb_blurb_0 et_pb_blurb et_pb_bg_layout_light et_pb_blurb_position_top et_clickable et_pb_module et_block_module\"><div class=\"et_pb_blurb_content\"><div class=\"et_pb_main_blurb_image\"><span class=\"et_pb_image_wrap et_pb_only_image_mode_wrap\"><img loading=\"lazy\" decoding=\"async\" src=\"https:\/\/www.kitetribe.org\/wp-content\/uploads\/2025\/03\/Kite_safari_boat.jpg\" width=\"1200\" height=\"900\" srcset=\"https:\/\/www.kitetribe.org\/wp-content\/uploads\/2025\/03\/Kite_safari_boat.jpg 1200w, https:\/\/www.kitetribe.org\/wp-content\/uploads\/2025\/03\/Kite_safari_boat-980x735.jpg 980w, https:\/\/www.kitetribe.org\/wp-content\/uploads\/2025\/03\/Kite_safari_boat-480x360.jpg 480w\" sizes=\"(min-width: 0px) and (max-width: 480px) 480px, (min-width: 481px) and (max-width: 980px) 980px, (min-width: 981px) 1200px, 100vw\" class=\"et-waypoint et_pb_animation_top et_pb_animation_top_tablet et_pb_animation_top_phone wp-image-458\" \/><\/span><\/div><div class=\"et_pb_blurb_container\"><h3 class=\"et_pb_module_header\">Kite Safaris<\/h3><div class=\"et_pb_blurb_description\"><p>7 Tage | Inseln im Roten Meer<\/p>\n<p><span style=\"color: #008080;\"><strong>ab 1550\u20ac<\/strong><\/span><\/p>\n<\/div><\/div><\/div><\/div><\/div><div class=\"et_pb_column_13 et_pb_column et_pb_column_1_3 et_block_column et_pb_css_mix_blend_mode_passthrough\"><div class=\"et_pb_blurb_1 et_pb_blurb et_pb_bg_layout_light et_pb_blurb_position_top et_clickable et_pb_module et_block_module\"><div class=\"et_pb_blurb_content\"><div class=\"et_pb_main_blurb_image\"><span class=\"et_pb_image_wrap et_pb_only_image_mode_wrap\"><img loading=\"lazy\" decoding=\"async\" src=\"https:\/\/www.kitetribe.org\/wp-content\/uploads\/2024\/12\/Kitetribe_grouptravel.jpg\" width=\"1200\" height=\"900\" srcset=\"https:\/\/www.kitetribe.org\/wp-content\/uploads\/2024\/12\/Kitetribe_grouptravel.jpg 1200w, https:\/\/www.kitetribe.org\/wp-content\/uploads\/2024\/12\/Kitetribe_grouptravel-980x735.jpg 980w, https:\/\/www.kitetribe.org\/wp-content\/uploads\/2024\/12\/Kitetribe_grouptravel-480x360.jpg 480w\" sizes=\"(min-width: 0px) and (max-width: 480px) 480px, (min-width: 481px) and (max-width: 980px) 980px, (min-width: 981px) 1200px, 100vw\" class=\"et-waypoint et_pb_animation_top et_pb_animation_top_tablet et_pb_animation_top_phone wp-image-397\" alt=\"kitesurfing group on the beach\" \/><\/span><\/div><div class=\"et_pb_blurb_container\"><h3 class=\"et_pb_module_header\">Kite Camps<\/h3><div class=\"et_pb_blurb_description\"><p>from 7 days | 4+ persons<\/p>\n<p><span style=\"color: #008080;\"><strong>from \u20ac 554<\/strong><\/span><\/p>\n<\/div><\/div><\/div><\/div><\/div><div class=\"et_pb_column_14 et_pb_column et_pb_column_1_3 et-last-child et_block_column et_pb_css_mix_blend_mode_passthrough\"><div class=\"et_pb_blurb_2 et_pb_blurb et_pb_bg_layout_light et_pb_blurb_position_top et_pb_module et_block_module\"><div class=\"et_pb_blurb_content\"><div class=\"et_pb_main_blurb_image\"><span class=\"et_pb_image_wrap et_pb_only_image_mode_wrap\"><img loading=\"lazy\" decoding=\"async\" src=\"https:\/\/www.kitetribe.org\/wp-content\/uploads\/2025\/03\/Kitesafari_girlstrip.jpg\" width=\"1200\" height=\"900\" srcset=\"https:\/\/www.kitetribe.org\/wp-content\/uploads\/2025\/03\/Kitesafari_girlstrip.jpg 1200w, https:\/\/www.kitetribe.org\/wp-content\/uploads\/2025\/03\/Kitesafari_girlstrip-980x735.jpg 980w, https:\/\/www.kitetribe.org\/wp-content\/uploads\/2025\/03\/Kitesafari_girlstrip-480x360.jpg 480w\" sizes=\"(min-width: 0px) and (max-width: 480px) 480px, (min-width: 481px) and (max-width: 980px) 980px, (min-width: 981px) 1200px, 100vw\" class=\"et-waypoint et_pb_animation_top et_pb_animation_top_tablet et_pb_animation_top_phone wp-image-446\" alt=\"group travel photo girls trip\" \/><\/span><\/div><div class=\"et_pb_blurb_container\"><h3 class=\"et_pb_module_header\">Gruppenreise<\/h3><div class=\"et_pb_blurb_description\"><p>Individuelle Reise | 4+ Personen<\/p>\n<p><span style=\"color: #008080;\"><strong>Je nach Anfrage<\/strong><\/span><\/p>\n<\/div><\/div><\/div><\/div><\/div><\/div><div class=\"et_pb_row_8 et_pb_row et_block_row\"><div class=\"et_pb_column_15 et_pb_column et_pb_column_4_4 et-last-child et_block_column et_pb_css_mix_blend_mode_passthrough\"><div class=\"et_pb_text_6 et_pb_text et_pb_bg_layout_light et_pb_module et_block_module\"><div class=\"et_pb_text_inner\"><h2>Begebt euch auf euer Abenteuer<\/h2>\n<p>Ready to transform your dreams into reality with the leading kiteschool in El Gouna? Whether you're drawn to the dynamic world of kitesurfing or the cutting-edge thrill of wingfoiling, Kite Tribe has the perfect lesson plan to suit your aspirations. Join us and experience the unparalleled joy of riding with the best.<\/p>\n<p>Discover the spirit of adventure and freedom on the waters of El Gouna with Kite Tribe. Your journey into the world of kitesurfing and wingfoiling starts here. Let's soar to new heights together!<\/p>\n<\/div><\/div><\/div><\/div><div class=\"et_pb_row_9 et_pb_row et_block_row\"><div class=\"et_pb_column_16 et_pb_column et_pb_column_4_4 et-last-child et_block_column et_pb_css_mix_blend_mode_passthrough\"><div class=\"et_pb_contact_form_0 et_pb_contact_form_container clearfix et_pb_module et_flex_module\" data-form_unique_num=\"0\" data-form_unique_id=\"084a0c70-b0c1-4b91-8cc3-27ab84f81df9\" id=\"et_pb_contact_form_084a0c70-b0c1-4b91-8cc3-27ab84f81df9\"><h1 class=\"et_pb_contact_main_title\">Kontakt<\/h1><div class=\"et-pb-contact-message\"><\/div><div class=\"et_pb_contact\"><form class=\"et_pb_contact_form et_flex_module\" method=\"post\" action=\"https:\/\/www.kitetribe.org\/de\/wp-json\/wp\/v2\/pages\/278\" data-trp-original-action=\"https:\/\/www.kitetribe.org\/de\/wp-json\/wp\/v2\/pages\/278\"><div class=\"et_pb_contact_field_0 et_pb_contact_field et_pb_module et_flex_module et_flex_column_12_24 et_flex_column_12_24_tablet et_flex_column_12_24_phone\" data-id=\"name\" data-type=\"input\"><label class=\"et_pb_contact_form_label\" for=\"et_pb_contact_0_name_0\">Dein Name (erforderlich)<\/label><input type=\"text\" name=\"et_pb_contact_0_name_0\" id=\"et_pb_contact_0_name_0\" class=\"input\" data-required_mark=\"required\" data-field_type=\"input\" data-original_id=\"name\" placeholder=\"Dein Name (erforderlich)\" title=\"\" value=\"\" \/><\/div><div class=\"et_pb_contact_field_1 et_pb_contact_field et_pb_module et_flex_module et_flex_column_12_24 et_flex_column_12_24_tablet et_flex_column_12_24_phone\" data-id=\"your_email_(required)\" data-type=\"email\"><label class=\"et_pb_contact_form_label\" for=\"et_pb_contact_0_your_email_(required)_1\">E-Mail Adresse<\/label><input type=\"text\" name=\"et_pb_contact_0_your_email_(required)_1\" id=\"et_pb_contact_0_your_email_(required)_1\" class=\"input\" data-required_mark=\"required\" data-field_type=\"email\" data-original_id=\"your_email_(required)\" placeholder=\"E-Mail Adresse\" title=\"\" value=\"\" \/><\/div><div class=\"et_pb_contact_field_2 et_pb_contact_field et_pb_module et_flex_module et_flex_column_24_24 et_flex_column_24_24_tablet et_flex_column_24_24_phone\" data-id=\"interest\" data-type=\"checkbox\"><label class=\"et_pb_contact_form_label\">Woran bist du interessiert?<\/label><input type=\"hidden\" name=\"et_pb_contact_0_interest_2\" class=\"et_pb_checkbox_handle\" data-required_mark=\"required\" data-field_type=\"checkbox\" data-original_id=\"interest\" \/><span class=\"et_pb_contact_field_options_wrapper\"><span class=\"et_pb_contact_field_options_title\">Woran bist du interessiert?<\/span><span class=\"et_pb_contact_field_options_list\"><span class=\"et_pb_contact_field_checkbox\"><input type=\"checkbox\" id=\"et_pb_contact_0_interest_2_0\" class=\"input\" value=\"Kitesurfing\" data-required_mark=\"required\" data-field_type=\"checkbox\" data-original_id=\"interest\" \/><label for=\"et_pb_contact_0_interest_2_0\"><i><\/i>Kitesurfing<\/label><\/span><span class=\"et_pb_contact_field_checkbox\"><input type=\"checkbox\" id=\"et_pb_contact_0_interest_2_1\" class=\"input\" value=\"Wing Foiling\" data-required_mark=\"required\" data-field_type=\"checkbox\" data-original_id=\"interest\" \/><label for=\"et_pb_contact_0_interest_2_1\"><i><\/i>Wing-Foiling<\/label><\/span><span class=\"et_pb_contact_field_checkbox\"><input type=\"checkbox\" id=\"et_pb_contact_0_interest_2_2\" class=\"input\" value=\"Kite Safari\" data-required_mark=\"required\" data-field_type=\"checkbox\" data-original_id=\"interest\" \/><label for=\"et_pb_contact_0_interest_2_2\"><i><\/i>Kite Safari<\/label><\/span><span class=\"et_pb_contact_field_checkbox\"><input type=\"checkbox\" id=\"et_pb_contact_0_interest_2_3\" class=\"input\" value=\"Kite Camp\" data-required_mark=\"required\" data-field_type=\"checkbox\" data-original_id=\"interest\" \/><label for=\"et_pb_contact_0_interest_2_3\"><i><\/i>Kite Camp<\/label><\/span><span class=\"et_pb_contact_field_checkbox\"><input type=\"checkbox\" id=\"et_pb_contact_0_interest_2_4\" class=\"input\" value=\"Group Travel\" data-required_mark=\"required\" data-field_type=\"checkbox\" data-original_id=\"interest\" \/><label for=\"et_pb_contact_0_interest_2_4\"><i><\/i>Gruppenreise<\/label><\/span><span class=\"et_pb_contact_field_checkbox\"><input type=\"checkbox\" id=\"et_pb_contact_0_interest_2_5\" class=\"input\" value=\"Other\" data-required_mark=\"required\" data-field_type=\"checkbox\" data-original_id=\"interest\" \/><label for=\"et_pb_contact_0_interest_2_5\"><i><\/i>Was anderes<\/label><\/span><\/span><\/span><\/div><div class=\"et_pb_contact_field_3 et_pb_contact_field et_pb_module et_flex_module et_flex_column_24_24 et_flex_column_24_24_tablet et_flex_column_24_24_phone\" data-id=\"message\" data-type=\"text\"><label class=\"et_pb_contact_form_label\" for=\"et_pb_contact_0_message_3\">Give us some details. The more you tell us, the better we can answer your request. We will respond to you via email - please make sure it is correct \ud83d\ude42<\/label><textarea name=\"et_pb_contact_0_message_3\" id=\"et_pb_contact_0_message_3\" class=\"et_pb_contact_message input\" data-required_mark=\"required\" data-field_type=\"text\" data-original_id=\"message\" placeholder=\"Gib uns ein paar Details. Je mehr du uns erz\u00e4hlst, desto besser k\u00f6nnen wir deine Anfrage beantworten. Wir werden dir per E-Mail antworten \u2013 bitte stelle sicher, dass die Adresse korrekt ist. :)\"><\/textarea><\/div><div class=\"et_pb_contact_field_4 et_pb_contact_field et_pb_module et_flex_module et_flex_column_24_24 et_flex_column_24_24_tablet et_flex_column_24_24_phone\" data-id=\"consent\" data-type=\"checkbox\"><label class=\"et_pb_contact_form_label\"> <\/label><input type=\"hidden\" name=\"et_pb_contact_0_consent_4\" class=\"et_pb_checkbox_handle\" data-required_mark=\"required\" data-field_type=\"checkbox\" data-original_id=\"consent\" \/><span class=\"et_pb_contact_field_options_wrapper\"><span class=\"et_pb_contact_field_options_title\"> <\/span><span class=\"et_pb_contact_field_options_list\"><span class=\"et_pb_contact_field_checkbox\"><input type=\"checkbox\" id=\"et_pb_contact_0_consent_4_0\" class=\"input\" value=\"By submitting this contact form I agree to the privacy policy\" data-required_mark=\"required\" data-field_type=\"checkbox\" data-original_id=\"consent\" \/><label for=\"et_pb_contact_0_consent_4_0\"><i><\/i>Durch das Absenden dieses Kontaktformulars stimme ich der Datenschutzerkl\u00e4rung zu.<\/label><\/span><\/span><\/span><\/div><input type=\"hidden\" name=\"et_pb_contactform_submit_084a0c70-b0c1-4b91-8cc3-27ab84f81df9\" value=\"et_contact_proccess\" \/><div class=\"et_contact_bottom_container\"><div class=\"et_pb_contact_right et_pb_contact_field\"><p class=\"clearfix\"><span class=\"et_pb_contact_captcha_question\">8 + 7<\/span> = <input type=\"text\" size=\"2\" class=\"input et_pb_contact_captcha\" data-first_digit=\"8\" data-second_digit=\"7\" data-required_mark=\"required\" name=\"et_pb_contact_captcha_084a0c70-b0c1-4b91-8cc3-27ab84f81df9\" autocomplete=\"off\" \/><\/p><\/div><div class=\"et_pb_button_wrapper\"><button type=\"submit\" name=\"et_builder_submit_button\" class=\"et_pb_button et_pb_contact_submit\">Absenden<\/button><\/div><\/div><input type=\"hidden\" id=\"_wpnonce-et-pb-contact-form-submitted-084a0c70-b0c1-4b91-8cc3-27ab84f81df9\" name=\"_wpnonce-et-pb-contact-form-submitted-084a0c70-b0c1-4b91-8cc3-27ab84f81df9\" value=\"cd92c49249\" \/><input type=\"hidden\" name=\"_wp_http_referer\" value=\"\/de\/wp-json\/wp\/v2\/pages\/278\" \/><input type=\"hidden\" name=\"trp-form-language\" value=\"de\"\/><\/form><\/div><\/div><\/div><\/div><\/div>","protected":false},"excerpt":{"rendered":"","protected":false},"author":2,"featured_media":0,"parent":0,"menu_order":0,"comment_status":"closed","ping_status":"closed","template":"","meta":{"footnotes":""},"class_list":["post-278","page","type-page","status-publish","hentry"],"_links":{"self":[{"href":"https:\/\/www.kitetribe.org\/de\/wp-json\/wp\/v2\/pages\/278","targetHints":{"allow":["GET"]}}],"collection":[{"href":"https:\/\/www.kitetribe.org\/de\/wp-json\/wp\/v2\/pages"}],"about":[{"href":"https:\/\/www.kitetribe.org\/de\/wp-json\/wp\/v2\/types\/page"}],"author":[{"embeddable":true,"href":"https:\/\/www.kitetribe.org\/de\/wp-json\/wp\/v2\/users\/2"}],"replies":[{"embeddable":true,"href":"https:\/\/www.kitetribe.org\/de\/wp-json\/wp\/v2\/comments?post=278"}],"version-history":[{"count":21,"href":"https:\/\/www.kitetribe.org\/de\/wp-json\/wp\/v2\/pages\/278\/revisions"}],"predecessor-version":[{"id":977,"href":"https:\/\/www.kitetribe.org\/de\/wp-json\/wp\/v2\/pages\/278\/revisions\/977"}],"wp:attachment":[{"href":"https:\/\/www.kitetribe.org\/de\/wp-json\/wp\/v2\/media?parent=278"}],"curies":[{"name":"wp","href":"https:\/\/api.w.org\/{rel}","templated":true}]}}